{"id":883,"date":"2020-12-14T08:09:30","date_gmt":"2020-12-14T08:09:30","guid":{"rendered":"https:\/\/psicologiavial.com\/?post_type=product&#038;p=883"},"modified":"2020-12-14T08:11:45","modified_gmt":"2020-12-14T08:11:45","slug":"camiseta","status":"publish","type":"product","link":"https:\/\/psicologiavial.com\/index.php\/product\/camiseta\/","title":{"rendered":"Camiseta"},"content":{"rendered":"","protected":false},"excerpt":{"rendered":"<div class=\"woocommerce-product-details__short-description\">\n<p>Camiseta b\u00e1sica 100% algod\u00f3n para hombre, mujer y ni\u00f1os. Estampaci\u00f3n de calidad. \u00a1Conduce con cabeza!<\/p>\n<\/div>\n","protected":false},"featured_media":884,"template":"","meta":[],"yoast_head":"<!-- This site is optimized with the Yoast SEO plugin v15.2.1 - https:\/\/yoast.com\/wordpress\/plugins\/seo\/ -->\n<title>Camiseta - Psicolog\u00eda vial<\/title>\n<meta name=\"description\" content=\"Camiseta b\u00e1sica 100% algod\u00f3n para hombre, mujer y ni\u00f1os. Estampaci\u00f3n de calidad. \u00a1Conduce con cabeza!\" \/>\n<meta name=\"robots\" content=\"index, follow, max-snippet:-1, max-image-preview:large, max-video-preview:-1\" \/>\n<link rel=\"canonical\" href=\"https:\/\/psicologiavial.com\/index.php\/product\/camiseta\/\" \/>\n<meta property=\"og:locale\" content=\"es_ES\" \/>\n<meta property=\"og:type\" content=\"article\" \/>\n<meta property=\"og:title\" content=\"Camiseta - Psicolog\u00eda vial\" \/>\n<meta property=\"og:description\" content=\"Camiseta b\u00e1sica 100% algod\u00f3n para hombre, mujer y ni\u00f1os. Estampaci\u00f3n de calidad. \u00a1Conduce con cabeza!\" \/>\n<meta property=\"og:url\" content=\"https:\/\/psicologiavial.com\/index.php\/product\/camiseta\/\" \/>\n<meta property=\"og:site_name\" content=\"Psicolog\u00eda vial\" \/>\n<meta property=\"article:modified_time\" content=\"2020-12-14T08:11:45+00:00\" \/>\n<meta property=\"og:image\" content=\"https:\/\/psicologiavial.com\/wp-content\/uploads\/2020\/12\/4TIENDAcamiseta.png\" \/>\n\t<meta property=\"og:image:width\" content=\"448\" \/>\n\t<meta property=\"og:image:height\" content=\"473\" \/>\n<meta name=\"twitter:card\" content=\"summary_large_image\" \/>\n<meta name=\"twitter:label1\" content=\"Escrito por\">\n\t<meta name=\"twitter:data1\" content=\"admin\">\n<script type=\"application\/ld+json\" class=\"yoast-schema-graph\">{\"@context\":\"https:\/\/schema.org\",\"@graph\":[{\"@type\":\"WebSite\",\"@id\":\"http:\/\/psicologiavial.com\/#website\",\"url\":\"http:\/\/psicologiavial.com\/\",\"name\":\"Psicolog\\u00eda vial\",\"description\":\"Conduce con Psicolog\\u00eda Vial\",\"potentialAction\":[{\"@type\":\"SearchAction\",\"target\":\"http:\/\/psicologiavial.com\/?s={search_term_string}\",\"query-input\":\"required name=search_term_string\"}],\"inLanguage\":\"es\"},{\"@type\":\"ImageObject\",\"@id\":\"https:\/\/psicologiavial.com\/index.php\/product\/camiseta\/#primaryimage\",\"inLanguage\":\"es\",\"url\":\"https:\/\/psicologiavial.com\/wp-content\/uploads\/2020\/12\/4TIENDAcamiseta.png\",\"width\":448,\"height\":473},{\"@type\":\"WebPage\",\"@id\":\"https:\/\/psicologiavial.com\/index.php\/product\/camiseta\/#webpage\",\"url\":\"https:\/\/psicologiavial.com\/index.php\/product\/camiseta\/\",\"name\":\"Camiseta - Psicolog\\u00eda vial\",\"isPartOf\":{\"@id\":\"http:\/\/psicologiavial.com\/#website\"},\"primaryImageOfPage\":{\"@id\":\"https:\/\/psicologiavial.com\/index.php\/product\/camiseta\/#primaryimage\"},\"datePublished\":\"2020-12-14T08:09:30+00:00\",\"dateModified\":\"2020-12-14T08:11:45+00:00\",\"description\":\"Camiseta b\\u00e1sica 100% algod\\u00f3n para hombre, mujer y ni\\u00f1os. Estampaci\\u00f3n de calidad. \\u00a1Conduce con cabeza!\",\"inLanguage\":\"es\",\"potentialAction\":[{\"@type\":\"ReadAction\",\"target\":[\"https:\/\/psicologiavial.com\/index.php\/product\/camiseta\/\"]}]}]}<\/script>\n<!-- \/ Yoast SEO plugin. -->","_links":{"self":[{"href":"https:\/\/psicologiavial.com\/index.php\/wp-json\/wp\/v2\/product\/883"}],"collection":[{"href":"https:\/\/psicologiavial.com\/index.php\/wp-json\/wp\/v2\/product"}],"about":[{"href":"https:\/\/psicologiavial.com\/index.php\/wp-json\/wp\/v2\/types\/product"}],"wp:featuredmedia":[{"embeddable":true,"href":"https:\/\/psicologiavial.com\/index.php\/wp-json\/wp\/v2\/media\/884"}],"wp:attachment":[{"href":"https:\/\/psicologiavial.com\/index.php\/wp-json\/wp\/v2\/media?parent=883"}],"curies":[{"name":"wp","href":"https:\/\/api.w.org\/{rel}","templated":true}]}}