{"id":881,"date":"2020-12-14T08:08:10","date_gmt":"2020-12-14T08:08:10","guid":{"rendered":"https:\/\/psicologiavial.com\/?post_type=product&#038;p=881"},"modified":"2020-12-14T08:12:17","modified_gmt":"2020-12-14T08:12:17","slug":"gorra","status":"publish","type":"product","link":"https:\/\/psicologiavial.com\/index.php\/product\/gorra\/","title":{"rendered":"Gorra"},"content":{"rendered":"","protected":false},"excerpt":{"rendered":"<div class=\"woocommerce-product-details__short-description\">\n<p>Porque tu cabeza es la pieza m\u00e1s importante de tu veh\u00edculo, prot\u00e9gela del sol y el aire con esta gorra personalizada, 100% algod\u00f3n cepillado. Ribete de contraste en color dorado y logo bordado. \u00a1Conduce con cabeza!<\/p>\n<\/div>\n","protected":false},"featured_media":882,"template":"","meta":[],"yoast_head":"<!-- This site is optimized with the Yoast SEO plugin v15.2.1 - https:\/\/yoast.com\/wordpress\/plugins\/seo\/ -->\n<title>Gorra - Psicolog\u00eda vial<\/title>\n<meta name=\"description\" content=\"Porque tu cabeza es la pieza m\u00e1s importante de tu veh\u00edculo, prot\u00e9gela del sol y el aire con esta gorra personalizada, 100% algod\u00f3n cepillado. Ribete de contraste en color dorado y logo bordado. \u00a1Conduce con cabeza!\" \/>\n<meta name=\"robots\" content=\"index, follow, max-snippet:-1, max-image-preview:large, max-video-preview:-1\" \/>\n<link rel=\"canonical\" href=\"https:\/\/psicologiavial.com\/index.php\/product\/gorra\/\" \/>\n<meta property=\"og:locale\" content=\"es_ES\" \/>\n<meta property=\"og:type\" content=\"article\" \/>\n<meta property=\"og:title\" content=\"Gorra - Psicolog\u00eda vial\" \/>\n<meta property=\"og:description\" content=\"Porque tu cabeza es la pieza m\u00e1s importante de tu veh\u00edculo, prot\u00e9gela del sol y el aire con esta gorra personalizada, 100% algod\u00f3n cepillado. Ribete de contraste en color dorado y logo bordado. \u00a1Conduce con cabeza!\" \/>\n<meta property=\"og:url\" content=\"https:\/\/psicologiavial.com\/index.php\/product\/gorra\/\" \/>\n<meta property=\"og:site_name\" content=\"Psicolog\u00eda vial\" \/>\n<meta property=\"article:modified_time\" content=\"2020-12-14T08:12:17+00:00\" \/>\n<meta property=\"og:image\" content=\"https:\/\/psicologiavial.com\/wp-content\/uploads\/2020\/12\/3TIENDAgorra-web.png\" \/>\n\t<meta property=\"og:image:width\" content=\"579\" \/>\n\t<meta property=\"og:image:height\" content=\"543\" \/>\n<meta name=\"twitter:card\" content=\"summary_large_image\" \/>\n<meta name=\"twitter:label1\" content=\"Escrito por\">\n\t<meta name=\"twitter:data1\" content=\"admin\">\n<script type=\"application\/ld+json\" class=\"yoast-schema-graph\">{\"@context\":\"https:\/\/schema.org\",\"@graph\":[{\"@type\":\"WebSite\",\"@id\":\"http:\/\/psicologiavial.com\/#website\",\"url\":\"http:\/\/psicologiavial.com\/\",\"name\":\"Psicolog\\u00eda vial\",\"description\":\"Conduce con Psicolog\\u00eda Vial\",\"potentialAction\":[{\"@type\":\"SearchAction\",\"target\":\"http:\/\/psicologiavial.com\/?s={search_term_string}\",\"query-input\":\"required name=search_term_string\"}],\"inLanguage\":\"es\"},{\"@type\":\"ImageObject\",\"@id\":\"https:\/\/psicologiavial.com\/index.php\/product\/gorra\/#primaryimage\",\"inLanguage\":\"es\",\"url\":\"https:\/\/psicologiavial.com\/wp-content\/uploads\/2020\/12\/3TIENDAgorra-web.png\",\"width\":579,\"height\":543},{\"@type\":\"WebPage\",\"@id\":\"https:\/\/psicologiavial.com\/index.php\/product\/gorra\/#webpage\",\"url\":\"https:\/\/psicologiavial.com\/index.php\/product\/gorra\/\",\"name\":\"Gorra - Psicolog\\u00eda vial\",\"isPartOf\":{\"@id\":\"http:\/\/psicologiavial.com\/#website\"},\"primaryImageOfPage\":{\"@id\":\"https:\/\/psicologiavial.com\/index.php\/product\/gorra\/#primaryimage\"},\"datePublished\":\"2020-12-14T08:08:10+00:00\",\"dateModified\":\"2020-12-14T08:12:17+00:00\",\"description\":\"Porque tu cabeza es la pieza m\\u00e1s importante de tu veh\\u00edculo, prot\\u00e9gela del sol y el aire con esta gorra personalizada, 100% algod\\u00f3n cepillado. Ribete de contraste en color dorado y logo bordado. \\u00a1Conduce con cabeza!\",\"inLanguage\":\"es\",\"potentialAction\":[{\"@type\":\"ReadAction\",\"target\":[\"https:\/\/psicologiavial.com\/index.php\/product\/gorra\/\"]}]}]}<\/script>\n<!-- \/ Yoast SEO plugin. -->","_links":{"self":[{"href":"https:\/\/psicologiavial.com\/index.php\/wp-json\/wp\/v2\/product\/881"}],"collection":[{"href":"https:\/\/psicologiavial.com\/index.php\/wp-json\/wp\/v2\/product"}],"about":[{"href":"https:\/\/psicologiavial.com\/index.php\/wp-json\/wp\/v2\/types\/product"}],"wp:featuredmedia":[{"embeddable":true,"href":"https:\/\/psicologiavial.com\/index.php\/wp-json\/wp\/v2\/media\/882"}],"wp:attachment":[{"href":"https:\/\/psicologiavial.com\/index.php\/wp-json\/wp\/v2\/media?parent=881"}],"curies":[{"name":"wp","href":"https:\/\/api.w.org\/{rel}","templated":true}]}}