{"id":878,"date":"2020-12-14T07:56:54","date_gmt":"2020-12-14T07:56:54","guid":{"rendered":"https:\/\/psicologiavial.com\/?post_type=product&#038;p=878"},"modified":"2020-12-14T08:06:04","modified_gmt":"2020-12-14T08:06:04","slug":"taza","status":"publish","type":"product","link":"https:\/\/psicologiavial.com\/index.php\/product\/taza\/","title":{"rendered":"Taza"},"content":{"rendered":"","protected":false},"excerpt":{"rendered":"<div class=\"woocommerce-product-details__short-description\">\n<p>La\u00a0<em><strong>historia<\/strong><\/em>\u00a0del esmalte aplicado a los utensilios de cocina se inicia en Alemania hace unos 250 a\u00f1os.\u00a0Con esta <em><strong>Taza <\/strong><\/em><em>de<\/em>\u00a0acero esmaltado personalizada con el logo de Psicolog\u00eda Vial ser\u00e1s tendencia. Fabricada en Espa\u00f1a de forma tradicional. Toma tu caf\u00e9 en destino siempre caliente. \u00a1Conduce con cabeza!<\/p>\n<\/div>\n","protected":false},"featured_media":879,"template":"","meta":[],"yoast_head":"<!-- This site is optimized with the Yoast SEO plugin v15.2.1 - https:\/\/yoast.com\/wordpress\/plugins\/seo\/ -->\n<title>Taza - Psicolog\u00eda vial<\/title>\n<meta name=\"description\" content=\"La\u00a0historia\u00a0del esmalte aplicado a los utensilios de cocina se inicia en Alemania hace unos 250 a\u00f1os.\u00a0Con esta Taza de\u00a0acero esmaltado personalizada con el logo de Psicolog\u00eda Vial ser\u00e1s tendencia. Fabricada en Espa\u00f1a de forma tradicional. Toma tu caf\u00e9 en destino siempre caliente. \u00a1Conduce con cabeza!\" \/>\n<meta name=\"robots\" content=\"index, follow, max-snippet:-1, max-image-preview:large, max-video-preview:-1\" \/>\n<link rel=\"canonical\" href=\"https:\/\/psicologiavial.com\/index.php\/product\/taza\/\" \/>\n<meta property=\"og:locale\" content=\"es_ES\" \/>\n<meta property=\"og:type\" content=\"article\" \/>\n<meta property=\"og:title\" content=\"Taza - Psicolog\u00eda vial\" \/>\n<meta property=\"og:description\" content=\"La\u00a0historia\u00a0del esmalte aplicado a los utensilios de cocina se inicia en Alemania hace unos 250 a\u00f1os.\u00a0Con esta Taza de\u00a0acero esmaltado personalizada con el logo de Psicolog\u00eda Vial ser\u00e1s tendencia. Fabricada en Espa\u00f1a de forma tradicional. Toma tu caf\u00e9 en destino siempre caliente. \u00a1Conduce con cabeza!\" \/>\n<meta property=\"og:url\" content=\"https:\/\/psicologiavial.com\/index.php\/product\/taza\/\" \/>\n<meta property=\"og:site_name\" content=\"Psicolog\u00eda vial\" \/>\n<meta property=\"article:modified_time\" content=\"2020-12-14T08:06:04+00:00\" \/>\n<meta property=\"og:image\" content=\"https:\/\/psicologiavial.com\/wp-content\/uploads\/2020\/12\/1TIENDA-retropot-psicologiavial.jpg\" \/>\n\t<meta property=\"og:image:width\" content=\"334\" \/>\n\t<meta property=\"og:image:height\" content=\"334\" \/>\n<meta name=\"twitter:card\" content=\"summary_large_image\" \/>\n<meta name=\"twitter:label1\" content=\"Escrito por\">\n\t<meta name=\"twitter:data1\" content=\"admin\">\n<script type=\"application\/ld+json\" class=\"yoast-schema-graph\">{\"@context\":\"https:\/\/schema.org\",\"@graph\":[{\"@type\":\"WebSite\",\"@id\":\"http:\/\/psicologiavial.com\/#website\",\"url\":\"http:\/\/psicologiavial.com\/\",\"name\":\"Psicolog\\u00eda vial\",\"description\":\"Conduce con Psicolog\\u00eda Vial\",\"potentialAction\":[{\"@type\":\"SearchAction\",\"target\":\"http:\/\/psicologiavial.com\/?s={search_term_string}\",\"query-input\":\"required name=search_term_string\"}],\"inLanguage\":\"es\"},{\"@type\":\"ImageObject\",\"@id\":\"https:\/\/psicologiavial.com\/index.php\/product\/taza\/#primaryimage\",\"inLanguage\":\"es\",\"url\":\"https:\/\/psicologiavial.com\/wp-content\/uploads\/2020\/12\/1TIENDA-retropot-psicologiavial.jpg\",\"width\":334,\"height\":334},{\"@type\":\"WebPage\",\"@id\":\"https:\/\/psicologiavial.com\/index.php\/product\/taza\/#webpage\",\"url\":\"https:\/\/psicologiavial.com\/index.php\/product\/taza\/\",\"name\":\"Taza - Psicolog\\u00eda vial\",\"isPartOf\":{\"@id\":\"http:\/\/psicologiavial.com\/#website\"},\"primaryImageOfPage\":{\"@id\":\"https:\/\/psicologiavial.com\/index.php\/product\/taza\/#primaryimage\"},\"datePublished\":\"2020-12-14T07:56:54+00:00\",\"dateModified\":\"2020-12-14T08:06:04+00:00\",\"description\":\"La\\u00a0historia\\u00a0del esmalte aplicado a los utensilios de cocina se inicia en Alemania hace unos 250 a\\u00f1os.\\u00a0Con esta Taza de\\u00a0acero esmaltado personalizada con el logo de Psicolog\\u00eda Vial ser\\u00e1s tendencia. Fabricada en Espa\\u00f1a de forma tradicional. Toma tu caf\\u00e9 en destino siempre caliente. \\u00a1Conduce con cabeza!\",\"inLanguage\":\"es\",\"potentialAction\":[{\"@type\":\"ReadAction\",\"target\":[\"https:\/\/psicologiavial.com\/index.php\/product\/taza\/\"]}]}]}<\/script>\n<!-- \/ Yoast SEO plugin. -->","_links":{"self":[{"href":"https:\/\/psicologiavial.com\/index.php\/wp-json\/wp\/v2\/product\/878"}],"collection":[{"href":"https:\/\/psicologiavial.com\/index.php\/wp-json\/wp\/v2\/product"}],"about":[{"href":"https:\/\/psicologiavial.com\/index.php\/wp-json\/wp\/v2\/types\/product"}],"wp:featuredmedia":[{"embeddable":true,"href":"https:\/\/psicologiavial.com\/index.php\/wp-json\/wp\/v2\/media\/879"}],"wp:attachment":[{"href":"https:\/\/psicologiavial.com\/index.php\/wp-json\/wp\/v2\/media?parent=878"}],"curies":[{"name":"wp","href":"https:\/\/api.w.org\/{rel}","templated":true}]}}