{"id":821,"date":"2020-12-14T06:41:17","date_gmt":"2020-12-14T06:41:17","guid":{"rendered":"https:\/\/psicologiavial.com\/?post_type=product&#038;p=821"},"modified":"2020-12-14T07:50:19","modified_gmt":"2020-12-14T07:50:19","slug":"19-02-2020-20-02-2020-tercera-conferencia-ministerial-global-decenio-de-accion-para-la-seguridad-vial","status":"publish","type":"product","link":"https:\/\/psicologiavial.com\/index.php\/product\/19-02-2020-20-02-2020-tercera-conferencia-ministerial-global-decenio-de-accion-para-la-seguridad-vial\/","title":{"rendered":"19\/02\/2020 &#8211; 20\/02\/2020: Tercera Conferencia Ministerial Global: Decenio de Acci\u00f3n para la Seguridad Vial"},"content":{"rendered":"<p><strong>Resultados del Decenio de Acci\u00f3n para la Seguridad Vial.<\/strong><\/p>\n<p>El pr\u00f3ximo mes de febrero de 2020, tendr\u00e1 lugar, en Suecia, la <strong>Tercera Conferencia Ministerial Global<\/strong>, para evaluar los resultados del <strong>Decenio de Acci\u00f3n para la Seguridad Vial<\/strong>, y lograr un consenso de alto nivel para la continuidad de los objetivos mundiales de seguridad vial y la colaboraci\u00f3n hasta 2030. El Decenio de Acci\u00f3n ha dado a la seguridad vial un marco de trabajo estrat\u00e9gico y generado impulso en muchos pa\u00edses, pero se necesita m\u00e1s tiempo para que surjan sus efectos plenamente. Por lo tanto, es clave que los gobiernos se comprometan con un nuevo objetivo para la seguridad vial en la Conferencia Ministerial e integren esto en sus estrategias y pol\u00edticas nacionales.<\/p>\n<p>Luchemos por la Vida, miembro de la Alianza Global de ONGs por la Seguridad Vial (<strong>Global Alliance of NGOs for Road Safety<\/strong>) te invita a participar de este importante evento con tu opini\u00f3n y experiencia personal. El objetivo de esta encuesta es dar a conocer las voces de las personas para poner de relieve el problema y pedir a los gobiernos que act\u00faen con urgencia. Puedes completar la encuesta para que tu voz y la voz de tus amigos, familiares, colegas y vecinos sean escuchadas. Mostremos a nuestros l\u00edderes qu\u00e9 impacto est\u00e1n teniendo los siniestros de tr\u00e1nsito en nuestras vidas.<\/p>\n<p>Los resultados se dar\u00e1n a conocer en la <strong>Tercera Conferencia Ministerial Mundial sobre Seguridad Vial<\/strong> y se difundir\u00e1n a trav\u00e9s de comunicados de prensa, publicaciones, medios masivos y de redes sociales y ser\u00e1n utilizados para peticionar a las autoridades nacionales e internacionales la implementaci\u00f3n de pol\u00edticas p\u00fablicas que salven vidas.<\/p>\n<p>La encuesta tardar\u00e1 aproximadamente 10 minutos.<\/p>\n<p>Haz click aqu\u00ed para realizarla:\u00a0<a href=\"https:\/\/www.surveymonkey.com\/r\/JLGB6HB?lang=es\"><strong>https:\/\/www.surveymonkey.com\/r\/JLGB6HB?lang=es<\/strong><\/a><\/p>\n<p>\u00a1Tu voz puede cambiar el mundo!<\/p>\n<p><img loading=\"lazy\" class=\"alignnone size-full wp-image-866\" src=\"https:\/\/psicologiavial.com\/wp-content\/uploads\/2020\/12\/2-evento-4-sweeden.png\" alt=\"\" width=\"668\" height=\"411\" srcset=\"https:\/\/psicologiavial.com\/wp-content\/uploads\/2020\/12\/2-evento-4-sweeden.png 668w, https:\/\/psicologiavial.com\/wp-content\/uploads\/2020\/12\/2-evento-4-sweeden-300x185.png 300w, https:\/\/psicologiavial.com\/wp-content\/uploads\/2020\/12\/2-evento-4-sweeden-600x369.png 600w\" sizes=\"(max-width: 668px) 100vw, 668px\" \/><\/p>\n<p><strong><u>ABOUT THE CONFERENCE <\/u><\/strong><\/p>\n<p>The development of the conference programme continues. We look forward to offering all invited participants two exciting and interesting conference days in Stockholm.<\/p>\n<p>The final programme with content and speakers will be completed and presented here. Please check back for future updates.<\/p>\n<p><a href=\"https:\/\/www.roadsafetysweden.com\/contentassets\/386cc1c0986844d6ade05cfbbd5036be\/program_200124.pdf\">Download the programme (pdf, 6 MB, opens new window)<\/a><\/p>\n<p><a href=\"https:\/\/www.roadsafetysweden.com\/contentassets\/386cc1c0986844d6ade05cfbbd5036be\/program_200124.pdf\">https:\/\/www.roadsafetysweden.com\/contentassets\/386cc1c0986844d6ade05cfbbd5036be\/program_200124.pdf<\/a><\/p>\n<p><a href=\"https:\/\/www.roadsafetysweden.com\/\">https:\/\/www.roadsafetysweden.com\/<\/a><\/p>\n<p><a href=\"https:\/\/www.luchemos.org.ar\/es\/noticias\/participa-de-la-encuesta-para-la-proxima-conferencia-ministerial-mundial-por-la-seguridad-vial-suecia-2020\">https:\/\/www.luchemos.org.ar\/es\/noticias\/participa-de-la-encuesta-para-la-proxima-conferencia-ministerial-mundial-por-la-seguridad-vial-suecia-2020<\/a><\/p>\n<h2>Global Status Report on Road Safety<\/h2>\n<p>2018-12-07: Launched by the World Health Organization in December 2018, the report highlights that the number of\u00a0annual road traffic deaths has reached 1.35 million.<br \/>\n<a href=\"https:\/\/www.who.int\/violence_injury_prevention\/road_safety_status\/2018\/en\/\">Global status report on road safety 2018 (WHO\u00b4s web site)<\/a>: https:\/\/psicologia.ucm.es\/estudios\/doctorado-psicologia<\/p>\n<p><img loading=\"lazy\" class=\" wp-image-868\" src=\"https:\/\/psicologiavial.com\/wp-content\/uploads\/2020\/12\/3-evento-4-sweeden.jpg\" alt=\"\" width=\"385\" height=\"236\" srcset=\"https:\/\/psicologiavial.com\/wp-content\/uploads\/2020\/12\/3-evento-4-sweeden.jpg 555w, https:\/\/psicologiavial.com\/wp-content\/uploads\/2020\/12\/3-evento-4-sweeden-300x184.jpg 300w\" sizes=\"(max-width: 385px) 100vw, 385px\" \/><\/p>\n<p>Partners:<\/p>\n<p><img loading=\"lazy\" class=\"alignnone size-full wp-image-870\" src=\"https:\/\/psicologiavial.com\/wp-content\/uploads\/2020\/12\/1-partners-evento-4-sweeden.png\" alt=\"\" width=\"225\" height=\"90\" \/> <img loading=\"lazy\" class=\"alignnone size-full wp-image-871\" src=\"https:\/\/psicologiavial.com\/wp-content\/uploads\/2020\/12\/2-partners-evento-4-sweeden.png\" alt=\"\" width=\"260\" height=\"56\" \/> <img loading=\"lazy\" class=\"alignnone size-full wp-image-872\" src=\"https:\/\/psicologiavial.com\/wp-content\/uploads\/2020\/12\/3-partners-evento-4-sweeden.png\" alt=\"\" width=\"148\" height=\"71\" \/><\/p>\n","protected":false},"excerpt":{"rendered":"<div>\n<p><span style=\"color: #000000; font-family: Montserrat;\"><strong>Fecha<br \/>\n<\/strong><\/span>16 noviembre 2020<br \/>\n11:00 PM<\/p>\n<p><strong style=\"color: #000000; font-family: Montserrat;\">Lugar<br \/>\n<\/strong>Plaza de Santa Ana, Madrid<\/p>\n<\/div>\n","protected":false},"featured_media":865,"template":"","meta":[],"yoast_head":"<!-- This site is optimized with the Yoast SEO plugin v15.2.1 - https:\/\/yoast.com\/wordpress\/plugins\/seo\/ -->\n<title>19\/02\/2020 - 20\/02\/2020: Tercera Conferencia Ministerial Global: Decenio de Acci\u00f3n para la Seguridad Vial - Psicolog\u00eda vial<\/title>\n<meta name=\"robots\" content=\"index, follow, max-snippet:-1, max-image-preview:large, max-video-preview:-1\" \/>\n<link rel=\"canonical\" href=\"https:\/\/psicologiavial.com\/index.php\/product\/19-02-2020-20-02-2020-tercera-conferencia-ministerial-global-decenio-de-accion-para-la-seguridad-vial\/\" \/>\n<meta property=\"og:locale\" content=\"es_ES\" \/>\n<meta property=\"og:type\" content=\"article\" \/>\n<meta property=\"og:title\" content=\"19\/02\/2020 - 20\/02\/2020: Tercera Conferencia Ministerial Global: Decenio de Acci\u00f3n para la Seguridad Vial - Psicolog\u00eda vial\" \/>\n<meta property=\"og:description\" content=\"Fecha 16 noviembre 2020 11:00 PM  Lugar Plaza de Santa Ana, Madrid\" \/>\n<meta property=\"og:url\" content=\"https:\/\/psicologiavial.com\/index.php\/product\/19-02-2020-20-02-2020-tercera-conferencia-ministerial-global-decenio-de-accion-para-la-seguridad-vial\/\" \/>\n<meta property=\"og:site_name\" content=\"Psicolog\u00eda vial\" \/>\n<meta property=\"article:modified_time\" content=\"2020-12-14T07:50:19+00:00\" \/>\n<meta property=\"og:image\" content=\"https:\/\/psicologiavial.com\/wp-content\/uploads\/2020\/12\/1-evento-4-sweeden.jpg\" \/>\n\t<meta property=\"og:image:width\" content=\"1140\" \/>\n\t<meta property=\"og:image:height\" content=\"350\" \/>\n<meta name=\"twitter:card\" content=\"summary_large_image\" \/>\n<meta name=\"twitter:label1\" content=\"Escrito por\">\n\t<meta name=\"twitter:data1\" content=\"admin\">\n\t<meta name=\"twitter:label2\" content=\"Tiempo de lectura\">\n\t<meta name=\"twitter:data2\" content=\"2 minutos\">\n<script type=\"application\/ld+json\" class=\"yoast-schema-graph\">{\"@context\":\"https:\/\/schema.org\",\"@graph\":[{\"@type\":\"WebSite\",\"@id\":\"http:\/\/psicologiavial.com\/#website\",\"url\":\"http:\/\/psicologiavial.com\/\",\"name\":\"Psicolog\\u00eda vial\",\"description\":\"Conduce con Psicolog\\u00eda Vial\",\"potentialAction\":[{\"@type\":\"SearchAction\",\"target\":\"http:\/\/psicologiavial.com\/?s={search_term_string}\",\"query-input\":\"required name=search_term_string\"}],\"inLanguage\":\"es\"},{\"@type\":\"ImageObject\",\"@id\":\"https:\/\/psicologiavial.com\/index.php\/product\/19-02-2020-20-02-2020-tercera-conferencia-ministerial-global-decenio-de-accion-para-la-seguridad-vial\/#primaryimage\",\"inLanguage\":\"es\",\"url\":\"https:\/\/psicologiavial.com\/wp-content\/uploads\/2020\/12\/1-evento-4-sweeden.jpg\",\"width\":1140,\"height\":350},{\"@type\":\"WebPage\",\"@id\":\"https:\/\/psicologiavial.com\/index.php\/product\/19-02-2020-20-02-2020-tercera-conferencia-ministerial-global-decenio-de-accion-para-la-seguridad-vial\/#webpage\",\"url\":\"https:\/\/psicologiavial.com\/index.php\/product\/19-02-2020-20-02-2020-tercera-conferencia-ministerial-global-decenio-de-accion-para-la-seguridad-vial\/\",\"name\":\"19\/02\/2020 - 20\/02\/2020: Tercera Conferencia Ministerial Global: Decenio de Acci\\u00f3n para la Seguridad Vial - Psicolog\\u00eda vial\",\"isPartOf\":{\"@id\":\"http:\/\/psicologiavial.com\/#website\"},\"primaryImageOfPage\":{\"@id\":\"https:\/\/psicologiavial.com\/index.php\/product\/19-02-2020-20-02-2020-tercera-conferencia-ministerial-global-decenio-de-accion-para-la-seguridad-vial\/#primaryimage\"},\"datePublished\":\"2020-12-14T06:41:17+00:00\",\"dateModified\":\"2020-12-14T07:50:19+00:00\",\"inLanguage\":\"es\",\"potentialAction\":[{\"@type\":\"ReadAction\",\"target\":[\"https:\/\/psicologiavial.com\/index.php\/product\/19-02-2020-20-02-2020-tercera-conferencia-ministerial-global-decenio-de-accion-para-la-seguridad-vial\/\"]}]}]}<\/script>\n<!-- \/ Yoast SEO plugin. -->","_links":{"self":[{"href":"https:\/\/psicologiavial.com\/index.php\/wp-json\/wp\/v2\/product\/821"}],"collection":[{"href":"https:\/\/psicologiavial.com\/index.php\/wp-json\/wp\/v2\/product"}],"about":[{"href":"https:\/\/psicologiavial.com\/index.php\/wp-json\/wp\/v2\/types\/product"}],"wp:featuredmedia":[{"embeddable":true,"href":"https:\/\/psicologiavial.com\/index.php\/wp-json\/wp\/v2\/media\/865"}],"wp:attachment":[{"href":"https:\/\/psicologiavial.com\/index.php\/wp-json\/wp\/v2\/media?parent=821"}],"curies":[{"name":"wp","href":"https:\/\/api.w.org\/{rel}","templated":true}]}}