{"id":815,"date":"2020-12-14T06:31:55","date_gmt":"2020-12-14T06:31:55","guid":{"rendered":"https:\/\/psicologiavial.com\/?post_type=product&#038;p=815"},"modified":"2020-12-14T07:46:15","modified_gmt":"2020-12-14T07:46:15","slug":"17-11-2019-dia-mundial-en-recuerdo-de-las-victimas-de-la-violencia-vial","status":"publish","type":"product","link":"https:\/\/psicologiavial.com\/index.php\/product\/17-11-2019-dia-mundial-en-recuerdo-de-las-victimas-de-la-violencia-vial\/","title":{"rendered":"17\/11\/2019: D\u00cdA MUNDIAL EN RECUERDO DE LAS V\u00cdCTIMAS DE LA VIOLENCIA VIAL"},"content":{"rendered":"<p><strong>Domingo 17 de noviembre de 2019<\/strong><\/p>\n<p><strong>#YoRecuerdo\u00a0#SembrandoVidas<\/strong><\/p>\n<p><strong>la vida no es un accesorio del veh\u00edculo<\/strong><strong>.<\/strong><\/p>\n<h2>17-N: en recuerdo de las v\u00edctimas del tr\u00e1fico<\/h2>\n<ul>\n<li>Los siniestros viales son la principal causa de fallecimiento de j\u00f3venes de entre 15 y 29 a\u00f1os, seg\u00fan la OMS (Organizaci\u00f3n Mundial de la Salud)<\/li>\n<\/ul>\n<p>Este domingo 17 de noviembre se celebra el\u00a0<a href=\"https:\/\/www.un.org\/es\/events\/trafficvictimsday\/\">D\u00eda Mundial en Recuerdo de las V\u00edctimas de Accidentes de Tr\u00e1fico<\/a>, cuyo objetivo es reconocer el sufrimiento de las v\u00edctimas de los siniestros viales y concienciar a la opini\u00f3n p\u00fablica sobre los da\u00f1os devastadores -personales y econ\u00f3micos- que los accidentes de tr\u00e1fico producen en la poblaci\u00f3n mundial.<\/p>\n<p><strong>La vida no es una pieza del coche<\/strong><\/p>\n<p>En esta edici\u00f3n de 2019, el lema es\u00a0<a href=\"https:\/\/worlddayofremembrance.org\/\">&#8220;La vida no es una pieza del coche&#8221;<\/a>, y est\u00e1 basado en el objetivo de lograr veh\u00edculos m\u00e1s seguros, uno de los pilares fundamentales establecidos por la\u00a0<a href=\"https:\/\/www.who.int\/es\/news-room\/fact-sheets\/detail\/road-traffic-injuries\">Organizaci\u00f3n Mundial de la Salud<\/a>\u00a0(OMS), una de las instituciones encargadas de coordinar la labor de reducci\u00f3n de los accidentes de tr\u00e1fico a nivel mundial,\u00a0en su &#8216;<a href=\"https:\/\/www.who.int\/roadsafety\/decade_of_action\/plan\/spanish.pdf\">Plan Mundial para el Decenio de Acci\u00f3n para la Seguridad Vial 2011-2020<\/a>&#8216;.<\/p>\n<p><em>&#8220;A pesar de los esfuerzos mundiales por conseguirlo, la movilidad vial actual conlleva un n\u00famero alarmante de muertes, lesiones y enfermedades graves cada a\u00f1o, tanto como consecuencia inmediata de accidentes de tr\u00e1nsito como por contaminaci\u00f3n del aire&#8221;<\/em>, afirma la ONU respecto a nuestro modelo de movilidad.<\/p>\n<p><a href=\"https:\/\/psicologiavial.com\/wp-content\/uploads\/2020\/12\/dia-mundial-en-recuerdo-de-las-victimas-de-accidentes-de-accidentes-de-trafico-17-de-noviembre-5dd285c8cd870.pdf\" target=\"_blank\" rel=\"noopener noreferrer\">CLICK PARA VER PDF<\/a><\/p>\n<p>M\u00faltiples actos se celebran en diferentes ciudades que se unir\u00e1n para la lectura del\u00a0<a href=\"https:\/\/stopaccidentes.org\/uploads\/dia-mundial\/MANIFIESTO_DIA_MUNDIAL_EN_RECUERDO_DE_LAS_VICTIMAS_DE_VIOLENCIA_VIAL_2019.pdf\">MANIFIESTO<\/a>\u00a0y\u00a0guardar un\u00a0MINUTO DE SILENCIO en memoria de nuestros seres queridos, v\u00edctimas inocentes de los siniestros de tr\u00e1fico.<\/p>\n<p>Se invita a las autoridades representantes de las administraciones p\u00fablicas y locales, pol\u00edticos y dem\u00e1s organizaciones de la vida social.<\/p>\n<p><strong><u>MADRID<\/u><\/strong><\/p>\n<p><strong>Domingo 17 de noviembre 11:00h.\u00a0<\/strong>Plaza de Santa Ana<\/p>\n<ul>\n<li>Apertura acto, a cargo de Fernando Mu\u00f1oz, vicepresidente de STOP Accidentes.<\/li>\n<li>Lectura manifiesto a cargo de M\u00aa Jos\u00e9 Jim\u00e9nez, v\u00edctima y socia de STOP Accidentes.<\/li>\n<li>Minuto de silencio.<\/li>\n<li>Dramatizaci\u00f3n musical a cargo de Compa\u00f1\u00eda Galileo 98<\/li>\n<li>Homenaje v\u00edctimas:\u00a0<em>\u201cSembrando Vidas<\/em>\u201d.<\/li>\n<li>Cierre del acto Director General de Tr\u00e1fico. DGT D. Pere Navarro.<\/li>\n<\/ul>\n<p>&nbsp;<\/p>\n<p><a href=\"http:\/\/revista.dgt.es\/es\/noticias\/nacional\/2019\/11NOVIEMBRE\/1113-Dia-Victimas.shtml#.XjbMLGgzbIU\">http:\/\/revista.dgt.es\/es\/noticias\/nacional\/2019\/11NOVIEMBRE\/1113-Dia-Victimas.shtml#.XjbMLGgzbIU<\/a><\/p>\n<p><a href=\"https:\/\/www.copmadrid.org\/web\/comunicacion\/comunicado\/209\/dia-mundial-en-recuerdo-de-las-victimas-de-accidentes-de-accidentes-de-trafico-17-de-noviembre\">https:\/\/www.copmadrid.org\/web\/comunicacion\/comunicado\/209\/dia-mundial-en-recuerdo-de-las-victimas-de-accidentes-de-accidentes-de-trafico-17-de-noviembre<\/a><\/p>\n<p><a href=\"https:\/\/stopaccidentes.org\/dia-mundial\/17-de-noviembre-de-2019-dia-mundial-en-recuerdo-de-las-victimas-de-la-violencia-vial\/gmx-niv44-con1335.htm\">https:\/\/stopaccidentes.org\/dia-mundial\/17-de-noviembre-de-2019-dia-mundial-en-recuerdo-de-las-victimas-de-la-violencia-vial\/gmx-niv44-con1335.htm<\/a><\/p>\n<p><img loading=\"lazy\" class=\"alignnone size-full wp-image-861\" src=\"https:\/\/psicologiavial.com\/wp-content\/uploads\/2020\/12\/2-evento-3-dia-mundial-17n.jpg\" alt=\"\" width=\"700\" height=\"495\" srcset=\"https:\/\/psicologiavial.com\/wp-content\/uploads\/2020\/12\/2-evento-3-dia-mundial-17n.jpg 700w, https:\/\/psicologiavial.com\/wp-content\/uploads\/2020\/12\/2-evento-3-dia-mundial-17n-300x212.jpg 300w, https:\/\/psicologiavial.com\/wp-content\/uploads\/2020\/12\/2-evento-3-dia-mundial-17n-600x424.jpg 600w\" sizes=\"(max-width: 700px) 100vw, 700px\" \/><\/p>\n<p>Partners:<\/p>\n<p><img loading=\"lazy\" class=\"alignnone wp-image-862\" src=\"https:\/\/psicologiavial.com\/wp-content\/uploads\/2020\/12\/1-partners-evento-3-dia-mundial-17n.png\" alt=\"\" width=\"274\" height=\"76\" srcset=\"https:\/\/psicologiavial.com\/wp-content\/uploads\/2020\/12\/1-partners-evento-3-dia-mundial-17n.png 411w, https:\/\/psicologiavial.com\/wp-content\/uploads\/2020\/12\/1-partners-evento-3-dia-mundial-17n-300x83.png 300w\" sizes=\"(max-width: 274px) 100vw, 274px\" \/> <img loading=\"lazy\" class=\"alignnone size-full wp-image-863\" src=\"https:\/\/psicologiavial.com\/wp-content\/uploads\/2020\/12\/2-partners-evento-3-dia-mundial-17n.png\" alt=\"\" width=\"176\" height=\"88\" \/> <img loading=\"lazy\" class=\"alignnone size-full wp-image-864\" src=\"https:\/\/psicologiavial.com\/wp-content\/uploads\/2020\/12\/3-partners-evento-3-dia-mundial-17n.png\" alt=\"\" width=\"129\" height=\"42\" \/><\/p>\n","protected":false},"excerpt":{"rendered":"<div>\n<p><span style=\"color: #000000; font-family: Montserrat;\"><strong>Fecha<br \/>\n<\/strong><\/span>16 noviembre 2020<br \/>\n11:00 PM<\/p>\n<p><strong style=\"color: #000000; font-family: Montserrat;\">Lugar<br \/>\n<\/strong>Plaza de Santa Ana, Madrid<\/p>\n<\/div>\n","protected":false},"featured_media":859,"template":"","meta":[],"yoast_head":"<!-- This site is optimized with the Yoast SEO plugin v15.2.1 - https:\/\/yoast.com\/wordpress\/plugins\/seo\/ -->\n<title>17\/11\/2019: D\u00cdA MUNDIAL EN RECUERDO DE LAS V\u00cdCTIMAS DE LA VIOLENCIA VIAL - Psicolog\u00eda vial<\/title>\n<meta name=\"robots\" content=\"index, follow, max-snippet:-1, max-image-preview:large, max-video-preview:-1\" \/>\n<link rel=\"canonical\" href=\"https:\/\/psicologiavial.com\/index.php\/product\/17-11-2019-dia-mundial-en-recuerdo-de-las-victimas-de-la-violencia-vial\/\" \/>\n<meta property=\"og:locale\" content=\"es_ES\" \/>\n<meta property=\"og:type\" content=\"article\" \/>\n<meta property=\"og:title\" content=\"17\/11\/2019: D\u00cdA MUNDIAL EN RECUERDO DE LAS V\u00cdCTIMAS DE LA VIOLENCIA VIAL - Psicolog\u00eda vial\" \/>\n<meta property=\"og:description\" content=\"Fecha 16 noviembre 2020 11:00 PM  Lugar Plaza de Santa Ana, Madrid\" \/>\n<meta property=\"og:url\" content=\"https:\/\/psicologiavial.com\/index.php\/product\/17-11-2019-dia-mundial-en-recuerdo-de-las-victimas-de-la-violencia-vial\/\" \/>\n<meta property=\"og:site_name\" content=\"Psicolog\u00eda vial\" \/>\n<meta property=\"article:modified_time\" content=\"2020-12-14T07:46:15+00:00\" \/>\n<meta property=\"og:image\" content=\"https:\/\/psicologiavial.com\/wp-content\/uploads\/2020\/12\/1-evento-3-dia-mundial-17n.jpg\" \/>\n\t<meta property=\"og:image:width\" content=\"740\" \/>\n\t<meta property=\"og:image:height\" content=\"281\" \/>\n<meta name=\"twitter:card\" content=\"summary_large_image\" \/>\n<meta name=\"twitter:label1\" content=\"Escrito por\">\n\t<meta name=\"twitter:data1\" content=\"admin\">\n\t<meta name=\"twitter:label2\" content=\"Tiempo de lectura\">\n\t<meta name=\"twitter:data2\" content=\"2 minutos\">\n<script type=\"application\/ld+json\" class=\"yoast-schema-graph\">{\"@context\":\"https:\/\/schema.org\",\"@graph\":[{\"@type\":\"WebSite\",\"@id\":\"http:\/\/psicologiavial.com\/#website\",\"url\":\"http:\/\/psicologiavial.com\/\",\"name\":\"Psicolog\\u00eda vial\",\"description\":\"Conduce con Psicolog\\u00eda Vial\",\"potentialAction\":[{\"@type\":\"SearchAction\",\"target\":\"http:\/\/psicologiavial.com\/?s={search_term_string}\",\"query-input\":\"required name=search_term_string\"}],\"inLanguage\":\"es\"},{\"@type\":\"ImageObject\",\"@id\":\"https:\/\/psicologiavial.com\/index.php\/product\/17-11-2019-dia-mundial-en-recuerdo-de-las-victimas-de-la-violencia-vial\/#primaryimage\",\"inLanguage\":\"es\",\"url\":\"https:\/\/psicologiavial.com\/wp-content\/uploads\/2020\/12\/1-evento-3-dia-mundial-17n.jpg\",\"width\":740,\"height\":281},{\"@type\":\"WebPage\",\"@id\":\"https:\/\/psicologiavial.com\/index.php\/product\/17-11-2019-dia-mundial-en-recuerdo-de-las-victimas-de-la-violencia-vial\/#webpage\",\"url\":\"https:\/\/psicologiavial.com\/index.php\/product\/17-11-2019-dia-mundial-en-recuerdo-de-las-victimas-de-la-violencia-vial\/\",\"name\":\"17\/11\/2019: D\\u00cdA MUNDIAL EN RECUERDO DE LAS V\\u00cdCTIMAS DE LA VIOLENCIA VIAL - Psicolog\\u00eda vial\",\"isPartOf\":{\"@id\":\"http:\/\/psicologiavial.com\/#website\"},\"primaryImageOfPage\":{\"@id\":\"https:\/\/psicologiavial.com\/index.php\/product\/17-11-2019-dia-mundial-en-recuerdo-de-las-victimas-de-la-violencia-vial\/#primaryimage\"},\"datePublished\":\"2020-12-14T06:31:55+00:00\",\"dateModified\":\"2020-12-14T07:46:15+00:00\",\"inLanguage\":\"es\",\"potentialAction\":[{\"@type\":\"ReadAction\",\"target\":[\"https:\/\/psicologiavial.com\/index.php\/product\/17-11-2019-dia-mundial-en-recuerdo-de-las-victimas-de-la-violencia-vial\/\"]}]}]}<\/script>\n<!-- \/ Yoast SEO plugin. -->","_links":{"self":[{"href":"https:\/\/psicologiavial.com\/index.php\/wp-json\/wp\/v2\/product\/815"}],"collection":[{"href":"https:\/\/psicologiavial.com\/index.php\/wp-json\/wp\/v2\/product"}],"about":[{"href":"https:\/\/psicologiavial.com\/index.php\/wp-json\/wp\/v2\/types\/product"}],"wp:featuredmedia":[{"embeddable":true,"href":"https:\/\/psicologiavial.com\/index.php\/wp-json\/wp\/v2\/media\/859"}],"wp:attachment":[{"href":"https:\/\/psicologiavial.com\/index.php\/wp-json\/wp\/v2\/media?parent=815"}],"curies":[{"name":"wp","href":"https:\/\/api.w.org\/{rel}","templated":true}]}}