{"id":808,"date":"2020-12-11T13:50:49","date_gmt":"2020-12-11T13:50:49","guid":{"rendered":"https:\/\/psicologiavial.com\/?post_type=product&#038;p=808"},"modified":"2020-12-14T07:29:49","modified_gmt":"2020-12-14T07:29:49","slug":"08-11-2019-11-11-2019-trafic-2019-renovada-apuesta-de-ifema-por-la-movilidad-segura-y-sostenible","status":"publish","type":"product","link":"https:\/\/psicologiavial.com\/index.php\/product\/08-11-2019-11-11-2019-trafic-2019-renovada-apuesta-de-ifema-por-la-movilidad-segura-y-sostenible\/","title":{"rendered":"08\/11\/2019 &#8211; 11\/11\/2019: TRAFIC 2019, renovada apuesta de IFEMA por la Movilidad Segura y Sostenible."},"content":{"rendered":"<p><strong>QU\u00c9 ES TRAFIC<\/strong><\/p>\n<p>TRAFIC es el punto de encuentro donde:<\/p>\n<ul>\n<li>Reunir en\u00a0Madrid\u00a0a los\u00a0principales actores de la movilidad\u00a0que bajo esta iniciativa persigan fomentar y apoyar entre los\u00a0profesionales del sector el uso de nuevos modelos de transporte eficiente y sostenible.<\/li>\n<li>Encontrar soluciones para la protecci\u00f3n de usuarios vulnerables\u00a0(peatones, ciclistas, motoristas).<\/li>\n<li>Afrontar los nuevos retos\u00a0en el camino de la transformaci\u00f3n energ\u00e9tica, el internet de las cosas <strong>(IoT),<\/strong> la digitalizaci\u00f3n y la <strong>intermodalidad.<\/strong><\/li>\n<li>Se realizar\u00e1 un completo programa de conferencias, foros de debate, networking, encuentros <strong>B2B<\/strong> entre corporates y StartUps, <strong>workshops<\/strong> donde poder\u00a0tratar y gestionar las nuevas soluciones que se proponen.<\/li>\n<\/ul>\n<p>TRAFIC 2019 estar\u00e1 representada por estos 5 sectores:<\/p>\n<ul>\n<li><strong>Infraestructuras<\/strong><\/li>\n<li><strong>Smart Mobility<\/strong><\/li>\n<li><strong>Aparcamiento<\/strong><\/li>\n<li><strong>Seguridad vial<\/strong><\/li>\n<li><strong>Gesti\u00f3n de tr\u00e1fico<\/strong><\/li>\n<\/ul>\n<p>TRAFIC 2019\u00a0cuenta con el apoyo del Ministerio de Transici\u00f3n Ecol\u00f3gica, el Ministerio de Fomento, la DGT y otras entidades colaboradoras, empresas y asociaciones del sector, desc\u00fabrelas todas m\u00e1s abajo.<\/p>\n<p><strong>\u00a0<\/strong><\/p>\n<p><a href=\"https:\/\/www.ifema.es\/en\/trafic\"><strong>https:\/\/www.ifema.es\/en\/trafic<\/strong><\/a><\/p>\n<p><img loading=\"lazy\" class=\"alignnone size-full wp-image-835\" src=\"https:\/\/psicologiavial.com\/wp-content\/uploads\/2020\/12\/1.2-evento-trafic.png\" alt=\"\" width=\"1159\" height=\"397\" srcset=\"https:\/\/psicologiavial.com\/wp-content\/uploads\/2020\/12\/1.2-evento-trafic.png 1159w, https:\/\/psicologiavial.com\/wp-content\/uploads\/2020\/12\/1.2-evento-trafic-300x103.png 300w, https:\/\/psicologiavial.com\/wp-content\/uploads\/2020\/12\/1.2-evento-trafic-1024x351.png 1024w, https:\/\/psicologiavial.com\/wp-content\/uploads\/2020\/12\/1.2-evento-trafic-768x263.png 768w, https:\/\/psicologiavial.com\/wp-content\/uploads\/2020\/12\/1.2-evento-trafic-600x206.png 600w\" sizes=\"(max-width: 1159px) 100vw, 1159px\" \/><\/p>\n<p>&nbsp;<\/p>\n<p>Partners:<\/p>\n<p><img loading=\"lazy\" class=\"alignnone  wp-image-837\" src=\"https:\/\/psicologiavial.com\/wp-content\/uploads\/2020\/12\/4Trafic-Partners.png\" alt=\"\" width=\"176\" height=\"67\" \/> <img loading=\"lazy\" class=\"alignnone  wp-image-838\" src=\"https:\/\/psicologiavial.com\/wp-content\/uploads\/2020\/12\/4-Trafic-Partners.png\" alt=\"\" width=\"149\" height=\"78\" \/> <img loading=\"lazy\" class=\"alignnone  wp-image-839\" src=\"https:\/\/psicologiavial.com\/wp-content\/uploads\/2020\/12\/3Trafic-Partners.png\" alt=\"\" width=\"120\" height=\"99\" \/> <img loading=\"lazy\" class=\"alignnone  wp-image-840\" src=\"https:\/\/psicologiavial.com\/wp-content\/uploads\/2020\/12\/2Trafic-Partners.png\" alt=\"\" width=\"223\" height=\"64\" srcset=\"https:\/\/psicologiavial.com\/wp-content\/uploads\/2020\/12\/2Trafic-Partners.png 306w, https:\/\/psicologiavial.com\/wp-content\/uploads\/2020\/12\/2Trafic-Partners-300x88.png 300w\" sizes=\"(max-width: 223px) 100vw, 223px\" \/> <img loading=\"lazy\" class=\"alignnone  wp-image-841\" src=\"https:\/\/psicologiavial.com\/wp-content\/uploads\/2020\/12\/1-Trafic-Partners.png\" alt=\"\" width=\"192\" height=\"66\" \/><\/p>\n","protected":false},"excerpt":{"rendered":"<div>\n<p><span style=\"color: #000000; font-family: Montserrat;\"><strong>Fecha<br \/>\n<\/strong><\/span>16 noviembre 2020<br \/>\n11:00 PM<\/p>\n<p><strong style=\"color: #000000; font-family: Montserrat;\">Lugar<br \/>\n<\/strong>Plaza de Santa Ana, Madrid<\/p>\n<\/div>\n","protected":false},"featured_media":834,"template":"","meta":[],"yoast_head":"<!-- This site is optimized with the Yoast SEO plugin v15.2.1 - https:\/\/yoast.com\/wordpress\/plugins\/seo\/ -->\n<title>08\/11\/2019 - 11\/11\/2019: TRAFIC 2019, renovada apuesta de IFEMA por la Movilidad Segura y Sostenible. - Psicolog\u00eda vial<\/title>\n<meta name=\"robots\" content=\"index, follow, max-snippet:-1, max-image-preview:large, max-video-preview:-1\" \/>\n<link rel=\"canonical\" href=\"https:\/\/psicologiavial.com\/index.php\/product\/08-11-2019-11-11-2019-trafic-2019-renovada-apuesta-de-ifema-por-la-movilidad-segura-y-sostenible\/\" \/>\n<meta property=\"og:locale\" content=\"es_ES\" \/>\n<meta property=\"og:type\" content=\"article\" \/>\n<meta property=\"og:title\" content=\"08\/11\/2019 - 11\/11\/2019: TRAFIC 2019, renovada apuesta de IFEMA por la Movilidad Segura y Sostenible. - Psicolog\u00eda vial\" \/>\n<meta property=\"og:description\" content=\"Fecha 16 noviembre 2020 11:00 PM  Lugar Plaza de Santa Ana, Madrid\" \/>\n<meta property=\"og:url\" content=\"https:\/\/psicologiavial.com\/index.php\/product\/08-11-2019-11-11-2019-trafic-2019-renovada-apuesta-de-ifema-por-la-movilidad-segura-y-sostenible\/\" \/>\n<meta property=\"og:site_name\" content=\"Psicolog\u00eda vial\" \/>\n<meta property=\"article:modified_time\" content=\"2020-12-14T07:29:49+00:00\" \/>\n<meta property=\"og:image\" content=\"https:\/\/psicologiavial.com\/wp-content\/uploads\/2020\/12\/1-evento-trafic-scaled.jpg\" \/>\n\t<meta property=\"og:image:width\" content=\"1697\" \/>\n\t<meta property=\"og:image:height\" content=\"2560\" \/>\n<meta name=\"twitter:card\" content=\"summary_large_image\" \/>\n<meta name=\"twitter:label1\" content=\"Escrito por\">\n\t<meta name=\"twitter:data1\" content=\"admin\">\n\t<meta name=\"twitter:label2\" content=\"Tiempo de lectura\">\n\t<meta name=\"twitter:data2\" content=\"1 minuto\">\n<script type=\"application\/ld+json\" class=\"yoast-schema-graph\">{\"@context\":\"https:\/\/schema.org\",\"@graph\":[{\"@type\":\"WebSite\",\"@id\":\"http:\/\/psicologiavial.com\/#website\",\"url\":\"http:\/\/psicologiavial.com\/\",\"name\":\"Psicolog\\u00eda vial\",\"description\":\"Conduce con Psicolog\\u00eda Vial\",\"potentialAction\":[{\"@type\":\"SearchAction\",\"target\":\"http:\/\/psicologiavial.com\/?s={search_term_string}\",\"query-input\":\"required name=search_term_string\"}],\"inLanguage\":\"es\"},{\"@type\":\"ImageObject\",\"@id\":\"https:\/\/psicologiavial.com\/index.php\/product\/08-11-2019-11-11-2019-trafic-2019-renovada-apuesta-de-ifema-por-la-movilidad-segura-y-sostenible\/#primaryimage\",\"inLanguage\":\"es\",\"url\":\"https:\/\/psicologiavial.com\/wp-content\/uploads\/2020\/12\/1-evento-trafic-scaled.jpg\",\"width\":1697,\"height\":2560},{\"@type\":\"WebPage\",\"@id\":\"https:\/\/psicologiavial.com\/index.php\/product\/08-11-2019-11-11-2019-trafic-2019-renovada-apuesta-de-ifema-por-la-movilidad-segura-y-sostenible\/#webpage\",\"url\":\"https:\/\/psicologiavial.com\/index.php\/product\/08-11-2019-11-11-2019-trafic-2019-renovada-apuesta-de-ifema-por-la-movilidad-segura-y-sostenible\/\",\"name\":\"08\/11\/2019 - 11\/11\/2019: TRAFIC 2019, renovada apuesta de IFEMA por la Movilidad Segura y Sostenible. - Psicolog\\u00eda vial\",\"isPartOf\":{\"@id\":\"http:\/\/psicologiavial.com\/#website\"},\"primaryImageOfPage\":{\"@id\":\"https:\/\/psicologiavial.com\/index.php\/product\/08-11-2019-11-11-2019-trafic-2019-renovada-apuesta-de-ifema-por-la-movilidad-segura-y-sostenible\/#primaryimage\"},\"datePublished\":\"2020-12-11T13:50:49+00:00\",\"dateModified\":\"2020-12-14T07:29:49+00:00\",\"inLanguage\":\"es\",\"potentialAction\":[{\"@type\":\"ReadAction\",\"target\":[\"https:\/\/psicologiavial.com\/index.php\/product\/08-11-2019-11-11-2019-trafic-2019-renovada-apuesta-de-ifema-por-la-movilidad-segura-y-sostenible\/\"]}]}]}<\/script>\n<!-- \/ Yoast SEO plugin. -->","_links":{"self":[{"href":"https:\/\/psicologiavial.com\/index.php\/wp-json\/wp\/v2\/product\/808"}],"collection":[{"href":"https:\/\/psicologiavial.com\/index.php\/wp-json\/wp\/v2\/product"}],"about":[{"href":"https:\/\/psicologiavial.com\/index.php\/wp-json\/wp\/v2\/types\/product"}],"wp:featuredmedia":[{"embeddable":true,"href":"https:\/\/psicologiavial.com\/index.php\/wp-json\/wp\/v2\/media\/834"}],"wp:attachment":[{"href":"https:\/\/psicologiavial.com\/index.php\/wp-json\/wp\/v2\/media?parent=808"}],"curies":[{"name":"wp","href":"https:\/\/api.w.org\/{rel}","templated":true}]}}