{"id":427,"date":"2020-10-16T11:55:11","date_gmt":"2020-10-16T11:55:11","guid":{"rendered":"http:\/\/psicologiavial.com\/?post_type=product&#038;p=427"},"modified":"2020-12-14T08:13:29","modified_gmt":"2020-12-14T08:13:29","slug":"pack-coaching","status":"publish","type":"product","link":"https:\/\/psicologiavial.com\/index.php\/product\/pack-coaching\/","title":{"rendered":"Pack coaching"},"content":{"rendered":"","protected":false},"excerpt":{"rendered":"<div class=\"woocommerce-product-details__short-description\">\n<p>5 sesiones de 60 minutos de coaching personal online. Profundizar\u00e1s en tu historia y estilo de conducci\u00f3n, trazar\u00e1s tu objetivo y el plan de acci\u00f3n necesario para mejorar tus habilidades y actitudes. Entrenar\u00e1s con acompa\u00f1amiento profesional personalizado, tu nueva forma de conducir. \u00a1Conduce con cabeza!<\/p>\n<\/div>\n","protected":false},"featured_media":429,"template":"","meta":[],"yoast_head":"<!-- This site is optimized with the Yoast SEO plugin v15.2.1 - https:\/\/yoast.com\/wordpress\/plugins\/seo\/ -->\n<title>Pack coaching - Psicolog\u00eda vial<\/title>\n<meta name=\"description\" content=\"5 sesiones de 60 minutos de coaching personal online. Profundizar\u00e1s en tu historia y estilo de conducci\u00f3n, trazar\u00e1s tu objetivo y el plan de acci\u00f3n necesario para mejorar tus habilidades y actitudes. Entrenar\u00e1s con acompa\u00f1amiento profesional personalizado, tu nueva forma de conducir. \u00a1Conduce con cabeza!\" \/>\n<meta name=\"robots\" content=\"index, follow, max-snippet:-1, max-image-preview:large, max-video-preview:-1\" \/>\n<link rel=\"canonical\" href=\"https:\/\/psicologiavial.com\/index.php\/product\/pack-coaching\/\" \/>\n<meta property=\"og:locale\" content=\"es_ES\" \/>\n<meta property=\"og:type\" content=\"article\" \/>\n<meta property=\"og:title\" content=\"Pack coaching - Psicolog\u00eda vial\" \/>\n<meta property=\"og:description\" content=\"5 sesiones de 60 minutos de coaching personal online. Profundizar\u00e1s en tu historia y estilo de conducci\u00f3n, trazar\u00e1s tu objetivo y el plan de acci\u00f3n necesario para mejorar tus habilidades y actitudes. Entrenar\u00e1s con acompa\u00f1amiento profesional personalizado, tu nueva forma de conducir. \u00a1Conduce con cabeza!\" \/>\n<meta property=\"og:url\" content=\"https:\/\/psicologiavial.com\/index.php\/product\/pack-coaching\/\" \/>\n<meta property=\"og:site_name\" content=\"Psicolog\u00eda vial\" \/>\n<meta property=\"article:modified_time\" content=\"2020-12-14T08:13:29+00:00\" \/>\n<meta property=\"og:image\" content=\"https:\/\/psicologiavial.com\/wp-content\/uploads\/2020\/10\/5COACHING_psicologiavial.com_-122.jpg\" \/>\n\t<meta property=\"og:image:width\" content=\"1047\" \/>\n\t<meta property=\"og:image:height\" content=\"1041\" \/>\n<meta name=\"twitter:card\" content=\"summary_large_image\" \/>\n<meta name=\"twitter:label1\" content=\"Escrito por\">\n\t<meta name=\"twitter:data1\" content=\"admin\">\n<script type=\"application\/ld+json\" class=\"yoast-schema-graph\">{\"@context\":\"https:\/\/schema.org\",\"@graph\":[{\"@type\":\"WebSite\",\"@id\":\"http:\/\/psicologiavial.com\/#website\",\"url\":\"http:\/\/psicologiavial.com\/\",\"name\":\"Psicolog\\u00eda vial\",\"description\":\"Conduce con Psicolog\\u00eda Vial\",\"potentialAction\":[{\"@type\":\"SearchAction\",\"target\":\"http:\/\/psicologiavial.com\/?s={search_term_string}\",\"query-input\":\"required name=search_term_string\"}],\"inLanguage\":\"es\"},{\"@type\":\"ImageObject\",\"@id\":\"https:\/\/psicologiavial.com\/index.php\/product\/pack-coaching\/#primaryimage\",\"inLanguage\":\"es\",\"url\":\"https:\/\/psicologiavial.com\/wp-content\/uploads\/2020\/10\/5COACHING_psicologiavial.com_-122.jpg\",\"width\":1047,\"height\":1041},{\"@type\":\"WebPage\",\"@id\":\"https:\/\/psicologiavial.com\/index.php\/product\/pack-coaching\/#webpage\",\"url\":\"https:\/\/psicologiavial.com\/index.php\/product\/pack-coaching\/\",\"name\":\"Pack coaching - Psicolog\\u00eda vial\",\"isPartOf\":{\"@id\":\"http:\/\/psicologiavial.com\/#website\"},\"primaryImageOfPage\":{\"@id\":\"https:\/\/psicologiavial.com\/index.php\/product\/pack-coaching\/#primaryimage\"},\"datePublished\":\"2020-10-16T11:55:11+00:00\",\"dateModified\":\"2020-12-14T08:13:29+00:00\",\"description\":\"5 sesiones de 60 minutos de coaching personal online. Profundizar\\u00e1s en tu historia y estilo de conducci\\u00f3n, trazar\\u00e1s tu objetivo y el plan de acci\\u00f3n necesario para mejorar tus habilidades y actitudes. Entrenar\\u00e1s con acompa\\u00f1amiento profesional personalizado, tu nueva forma de conducir. \\u00a1Conduce con cabeza!\",\"inLanguage\":\"es\",\"potentialAction\":[{\"@type\":\"ReadAction\",\"target\":[\"https:\/\/psicologiavial.com\/index.php\/product\/pack-coaching\/\"]}]}]}<\/script>\n<!-- \/ Yoast SEO plugin. -->","_links":{"self":[{"href":"https:\/\/psicologiavial.com\/index.php\/wp-json\/wp\/v2\/product\/427"}],"collection":[{"href":"https:\/\/psicologiavial.com\/index.php\/wp-json\/wp\/v2\/product"}],"about":[{"href":"https:\/\/psicologiavial.com\/index.php\/wp-json\/wp\/v2\/types\/product"}],"wp:featuredmedia":[{"embeddable":true,"href":"https:\/\/psicologiavial.com\/index.php\/wp-json\/wp\/v2\/media\/429"}],"wp:attachment":[{"href":"https:\/\/psicologiavial.com\/index.php\/wp-json\/wp\/v2\/media?parent=427"}],"curies":[{"name":"wp","href":"https:\/\/api.w.org\/{rel}","templated":true}]}}