{"id":422,"date":"2020-10-16T11:37:19","date_gmt":"2020-10-16T11:37:19","guid":{"rendered":"http:\/\/psicologiavial.com\/?post_type=product&#038;p=422"},"modified":"2020-12-14T08:14:15","modified_gmt":"2020-12-14T08:14:15","slug":"pegatina","status":"publish","type":"product","link":"https:\/\/psicologiavial.com\/index.php\/product\/pegatina\/","title":{"rendered":"Pegatina"},"content":{"rendered":"","protected":false},"excerpt":{"rendered":"<div class=\"woocommerce-product-details__short-description\">\n<p>Sabemos lo importante que es tu veh\u00edculo para ti y, si est\u00e1s en este sitio, significa que la seguridad vial te preocupa. Esta pegatina est\u00e1 fabricada con vinilo de calidad y est\u00e1 dise\u00f1ada para ser tu se\u00f1a de identidad en carretera. Tama\u00f1o 12 cm * 12 cm. Lleva el mensaje contigo. \u00a1Conduce con cabeza!<\/p>\n<\/div>\n","protected":false},"featured_media":156,"template":"","meta":[],"yoast_head":"<!-- This site is optimized with the Yoast SEO plugin v15.2.1 - https:\/\/yoast.com\/wordpress\/plugins\/seo\/ -->\n<title>Pegatina - Psicolog\u00eda vial<\/title>\n<meta name=\"description\" content=\"Sabemos lo importante que es tu veh\u00edculo para ti y, si est\u00e1s en este sitio, significa que la seguridad vial te preocupa. Esta pegatina est\u00e1 fabricada con vinilo de calidad y est\u00e1 dise\u00f1ada para ser tu se\u00f1a de identidad en carretera. Tama\u00f1o 12 cm * 12 cm. Lleva el mensaje contigo. \u00a1Conduce con cabeza!\" \/>\n<meta name=\"robots\" content=\"index, follow, max-snippet:-1, max-image-preview:large, max-video-preview:-1\" \/>\n<link rel=\"canonical\" href=\"https:\/\/psicologiavial.com\/index.php\/product\/pegatina\/\" \/>\n<meta property=\"og:locale\" content=\"es_ES\" \/>\n<meta property=\"og:type\" content=\"article\" \/>\n<meta property=\"og:title\" content=\"Pegatina - Psicolog\u00eda vial\" \/>\n<meta property=\"og:description\" content=\"Sabemos lo importante que es tu veh\u00edculo para ti y, si est\u00e1s en este sitio, significa que la seguridad vial te preocupa. Esta pegatina est\u00e1 fabricada con vinilo de calidad y est\u00e1 dise\u00f1ada para ser tu se\u00f1a de identidad en carretera. Tama\u00f1o 12 cm * 12 cm. Lleva el mensaje contigo. \u00a1Conduce con cabeza!\" \/>\n<meta property=\"og:url\" content=\"https:\/\/psicologiavial.com\/index.php\/product\/pegatina\/\" \/>\n<meta property=\"og:site_name\" content=\"Psicolog\u00eda vial\" \/>\n<meta property=\"article:modified_time\" content=\"2020-12-14T08:14:15+00:00\" \/>\n<meta property=\"og:image\" content=\"https:\/\/psicologiavial.com\/wp-content\/uploads\/2020\/10\/psicologia-vial-NEGRO.png\" \/>\n\t<meta property=\"og:image:width\" content=\"500\" \/>\n\t<meta property=\"og:image:height\" content=\"500\" \/>\n<meta name=\"twitter:card\" content=\"summary_large_image\" \/>\n<meta name=\"twitter:label1\" content=\"Escrito por\">\n\t<meta name=\"twitter:data1\" content=\"admin\">\n<script type=\"application\/ld+json\" class=\"yoast-schema-graph\">{\"@context\":\"https:\/\/schema.org\",\"@graph\":[{\"@type\":\"WebSite\",\"@id\":\"http:\/\/psicologiavial.com\/#website\",\"url\":\"http:\/\/psicologiavial.com\/\",\"name\":\"Psicolog\\u00eda vial\",\"description\":\"Conduce con Psicolog\\u00eda Vial\",\"potentialAction\":[{\"@type\":\"SearchAction\",\"target\":\"http:\/\/psicologiavial.com\/?s={search_term_string}\",\"query-input\":\"required name=search_term_string\"}],\"inLanguage\":\"es\"},{\"@type\":\"ImageObject\",\"@id\":\"https:\/\/psicologiavial.com\/index.php\/product\/pegatina\/#primaryimage\",\"inLanguage\":\"es\",\"url\":\"https:\/\/psicologiavial.com\/wp-content\/uploads\/2020\/10\/psicologia-vial-NEGRO.png\",\"width\":500,\"height\":500},{\"@type\":\"WebPage\",\"@id\":\"https:\/\/psicologiavial.com\/index.php\/product\/pegatina\/#webpage\",\"url\":\"https:\/\/psicologiavial.com\/index.php\/product\/pegatina\/\",\"name\":\"Pegatina - Psicolog\\u00eda vial\",\"isPartOf\":{\"@id\":\"http:\/\/psicologiavial.com\/#website\"},\"primaryImageOfPage\":{\"@id\":\"https:\/\/psicologiavial.com\/index.php\/product\/pegatina\/#primaryimage\"},\"datePublished\":\"2020-10-16T11:37:19+00:00\",\"dateModified\":\"2020-12-14T08:14:15+00:00\",\"description\":\"Sabemos lo importante que es tu veh\\u00edculo para ti y, si est\\u00e1s en este sitio, significa que la seguridad vial te preocupa. Esta pegatina est\\u00e1 fabricada con vinilo de calidad y est\\u00e1 dise\\u00f1ada para ser tu se\\u00f1a de identidad en carretera. Tama\\u00f1o 12 cm * 12 cm. Lleva el mensaje contigo. \\u00a1Conduce con cabeza!\",\"inLanguage\":\"es\",\"potentialAction\":[{\"@type\":\"ReadAction\",\"target\":[\"https:\/\/psicologiavial.com\/index.php\/product\/pegatina\/\"]}]}]}<\/script>\n<!-- \/ Yoast SEO plugin. -->","_links":{"self":[{"href":"https:\/\/psicologiavial.com\/index.php\/wp-json\/wp\/v2\/product\/422"}],"collection":[{"href":"https:\/\/psicologiavial.com\/index.php\/wp-json\/wp\/v2\/product"}],"about":[{"href":"https:\/\/psicologiavial.com\/index.php\/wp-json\/wp\/v2\/types\/product"}],"wp:featuredmedia":[{"embeddable":true,"href":"https:\/\/psicologiavial.com\/index.php\/wp-json\/wp\/v2\/media\/156"}],"wp:attachment":[{"href":"https:\/\/psicologiavial.com\/index.php\/wp-json\/wp\/v2\/media?parent=422"}],"curies":[{"name":"wp","href":"https:\/\/api.w.org\/{rel}","templated":true}]}}