{"id":357,"date":"2020-10-15T12:01:32","date_gmt":"2020-10-15T12:01:32","guid":{"rendered":"http:\/\/psicologiavial.com\/?post_type=product&#038;p=357"},"modified":"2020-12-14T11:21:33","modified_gmt":"2020-12-14T11:21:33","slug":"conduccion-vip-modalidad-individual-online","status":"publish","type":"product","link":"https:\/\/psicologiavial.com\/index.php\/product\/conduccion-vip-modalidad-individual-online\/","title":{"rendered":"Conducci\u00f3n VIP \u2013 modalidad individual ONLINE"},"content":{"rendered":"<section class=\"course-for\">\n<h5><span style=\"color: #000000; font-family: Montserrat;\"><strong>\u00bfPara qui\u00e9n es este curso?<\/strong><\/span><\/h5>\n<ul>\n<li class=\"content-course-for\">Deseas ser capaz de conducir respetando todos los l\u00edmites normativos.<\/li>\n<li class=\"content-course-for\">Quieres desarrollar el h\u00e1bito de seguridad en la conducci\u00f3n, priorizando el factor humano.<\/li>\n<li class=\"content-course-for\">Sientes que pones en riesgo tu seguridad por culpa de elementos distractores.<\/li>\n<\/ul>\n<\/section>\n<div class=\"title-requirement\">\n<h5><span style=\"color: #000000; font-family: Montserrat;\"><strong>Objetivos<\/strong><\/span><\/h5>\n<\/div>\n<div class=\"content-requirement\">\n<ul class=\"list-requirement\">\n<li class=\"item\">Aprender a controlar los principales riesgos en la conducci\u00f3n: <strong>velocidad, alcohol y tel\u00e9fono.<\/strong><\/li>\n<li class=\"item\">Hacer h\u00e1bito en la conducci\u00f3n dentro de los par\u00e1metros normativos, con bienestar.<\/li>\n<li class=\"item\">Ser consciente de los procesos psicol\u00f3gicos involucrados en la toma de decisiones inherentes a la conducci\u00f3n y entrenarme en ellos.<\/li>\n<\/ul>\n<\/div>\n<h3><\/h3>\n<p>&nbsp;<\/p>\n<section class=\"section-description lema-view-more\">\n<h3><span style=\"color: #000000; font-family: Montserrat;\"><strong>Descripci\u00f3n<\/strong><\/span><\/h3>\n<div class=\"content-descripton lema-view-more-content show-all\">\n<p><span style=\"color: #f6b700;\">\u00bfCu\u00e1ndo?, \u00bfd\u00f3nde?, \u00bfc\u00f3mo?<\/span><\/p>\n<ul>\n<li>Online. En la fecha y horario que t\u00fa decidas.<\/li>\n<li>El programa consta de un temario completo de 3 bloques de contenido te\u00f3rico pr\u00e1ctico en\u00a0<strong> psicolog\u00eda<\/strong> vial aplicada a tu conducci\u00f3n, para que a tu ritmo vayas avanzando.<\/li>\n<li>60 minutos cada sesi\u00f3n de coaching.<\/li>\n<li>El curso incluye un total de 5 sesiones de coaching para que trabajes tu plan de acci\u00f3n personalizado.<\/li>\n<li>Podr\u00e1s ampliar \u00e9stas contratando un\u00a0<span style=\"color: #f6b700;\"><a style=\"color: #f6b700;\" href=\"\/index.php\/product\/pack-coaching\/\">PACK DE SESIONES.<\/a><\/span><\/li>\n<\/ul>\n<p>Este programa es un exhaustivo entrenamiento en la gesti\u00f3n de las 3 principales causas de riesgo en la conducci\u00f3n:<\/p>\n<ol>\n<li>Distracciones.<\/li>\n<li>Consumo de <strong>alcohol<\/strong> u otras <strong>sustancias<\/strong> estupefacientes.<\/li>\n<li><strong>Velocidad<\/strong>.<\/li>\n<\/ol>\n<p>Lograr\u00e1s conocer tus habilidades psicol\u00f3gicas a la hora de conducir, y entrenar\u00e1s estrategias que te permiten disfrutar de mayor bienestar y seguridad mientras conduces.<\/p>\n<p>&nbsp;<\/p>\n<\/div>\n<\/section>\n<h3><\/h3>\n<p>&nbsp;<\/p>\n<h3><span style=\"color: #000000; font-family: Montserrat;\"><strong>Contenido<\/strong><\/span><\/h3>\n<h5><span style=\"color: #000000; font-family: Montserrat;\"><strong>Conducci\u00f3n y tel\u00e9fono m\u00f3vil: factores de riesgo.<\/strong><\/span><\/h5>\n<ul>\n<li>Uso del <strong>tel\u00e9fono<\/strong> y su regulaci\u00f3n.<\/li>\n<li>H\u00e1bitos inadecuados y factores asociados.<\/li>\n<li>Accidentalidad, y procesos psicol\u00f3gicos implicados.<\/li>\n<\/ul>\n<h5><span style=\"color: #000000; font-family: Montserrat;\"><strong>Conducci\u00f3n y alcohol: farmacocin\u00e9tica, factores de riesgo y h\u00e1bitos asociados.<\/strong><\/span><\/h5>\n<ul>\n<li>Tiempos de reacci\u00f3n y alteraci\u00f3n de los procesos cognitivos.<\/li>\n<li>Tolerancia, dependencia y abstinencia.<\/li>\n<li>Normalizaci\u00f3n social, estilos de vida y ocio embriagado.<\/li>\n<\/ul>\n<h5><span style=\"color: #000000; font-family: Montserrat;\"><strong>Conducci\u00f3n y velocidad:<\/strong><\/span><\/h5>\n<ul>\n<li>La ecuaci\u00f3n: tiempo de reacci\u00f3n y distancia de frenada.<\/li>\n<li>Estilos de conducci\u00f3n, impulsividad y b\u00fasqueda de sensaciones.<\/li>\n<li>La cultura slow como ant\u00eddoto a la enfermedad de la prisa.<\/li>\n<\/ul>\n<h5><span style=\"color: #000000; font-family: Montserrat;\"><strong>Mi plan de acci\u00f3n en Atenci\u00f3n Plena + Cero Alcohol + Stop Velocidad.<\/strong><\/span><\/h5>\n<ul>\n<li>Mi desempe\u00f1o en manos libres.<\/li>\n<li>Mi ritmo de desaceleraci\u00f3n: minutos que cuentan.<\/li>\n<li>Mi retrato de consumo y el \u00e1rbol de decisi\u00f3n.<\/li>\n<li>Trazando mi l\u00ednea discontinua: comunicaci\u00f3n X consumo X prisa.<\/li>\n<li>Elementos que interfieren en mi buena marcha.<\/li>\n<\/ul>\n<h5><span style=\"color: #000000; font-family: Montserrat;\"><strong>Cuestionarios, recursos y entrenamiento<br \/>\n<\/strong><\/span><\/h5>\n<ul>\n<li>Anexos.<\/li>\n<li>Sesiones de coaching.<\/li>\n<\/ul>\n","protected":false},"excerpt":{"rendered":"<section class=\"preface\">\n<div><strong>DURACI\u00d3N MEDIA: <\/strong>4-6 meses.<\/div>\n<div><strong>El ritmo lo marcas t\u00fa. C\u00e1lculo basado en una dedicaci\u00f3n media de 5 horas a la semana.<\/strong><\/div>\n<div><\/div>\n<div><\/div>\n<div><\/div>\n<div><strong>Voluntad<\/strong> de<strong> Integrar<\/strong> tu <strong>Psicolog\u00eda<\/strong>: Disfruta de mayor bienestar y seguridad mientras conduces<\/div>\n<div><\/div>\n<div>\n<div class=\"content-item item-left\">\n<ul class=\"list-content-item\">\n<li class=\"item\">Recuperar\u00e1s el control de tu conducta, aumentando como resultado tu bienestar.<\/li>\n<li class=\"item\">Ser\u00e1s capaz de desarrollar el h\u00e1bito de conducir conforme a los par\u00e1metros normativos.<\/li>\n<li class=\"item\">Los materiales ofrecidos y el conjunto de recursos y herramientas del programa te servir\u00e1n en lo concreto de tu pr\u00e1ctica de conducci\u00f3n.<\/li>\n<li class=\"item\">Entrenar\u00e1s tu habilidad para priorizar seguridad frente a <strong>velocidad<\/strong>, consumo de <strong>alcohol<\/strong>\/ otras <strong>sustancias<\/strong>, y elementos distractores como el uso del <strong>tel\u00e9fono<\/strong>.<\/li>\n<li class=\"item\">A trav\u00e9s de las <strong>5 sesiones<\/strong> de coaching podr\u00e1s personalizar tu estrategia y plan de acci\u00f3n.<\/li>\n<\/ul>\n<h5><\/h5>\n<h5><span style=\"color: #f6b700;\"><a style=\"color: #f6b700;\" href=\"https:\/\/youtu.be\/DrOHjS59lwU\" target=\"_blank\" rel=\"noopener noreferrer\"><span style=\"font-family: Montserrat;\"><strong>V\u00eddeo explicativo aqu\u00ed<\/strong><\/span><\/a><\/span><\/h5>\n<\/div>\n<\/div>\n<\/section>\n","protected":false},"featured_media":934,"template":"","meta":[],"yoast_head":"<!-- This site is optimized with the Yoast SEO plugin v15.2.1 - https:\/\/yoast.com\/wordpress\/plugins\/seo\/ -->\n<title>Conducci\u00f3n VIP \u2013 modalidad individual ONLINE - Psicolog\u00eda vial<\/title>\n<meta name=\"robots\" content=\"index, follow, max-snippet:-1, max-image-preview:large, max-video-preview:-1\" \/>\n<link rel=\"canonical\" href=\"https:\/\/psicologiavial.com\/index.php\/product\/conduccion-vip-modalidad-individual-online\/\" \/>\n<meta property=\"og:locale\" content=\"es_ES\" \/>\n<meta property=\"og:type\" content=\"article\" \/>\n<meta property=\"og:title\" content=\"Conducci\u00f3n VIP \u2013 modalidad individual ONLINE - Psicolog\u00eda vial\" \/>\n<meta property=\"og:description\" content=\"DURACI\u00d3N MEDIA: 4-6 meses. El ritmo lo marcas t\u00fa. C\u00e1lculo basado en una dedicaci\u00f3n media de 5 horas a la semana.    Voluntad de Integrar tu Psicolog\u00eda: Disfruta de mayor bienestar y seguridad mientras conduces      Recuperar\u00e1s el control de tu conducta, aumentando como resultado tu bienestar.  Ser\u00e1s capaz de desarrollar el h\u00e1bito de conducir conforme a los par\u00e1metros normativos.  Los materiales ofrecidos y el conjunto de recursos y herramientas del programa te servir\u00e1n en lo concreto de tu pr\u00e1ctica de conducci\u00f3n.  Entrenar\u00e1s tu habilidad para priorizar seguridad frente a velocidad, consumo de alcohol\/ otras sustancias, y elementos distractores como el uso del tel\u00e9fono.  A trav\u00e9s de las 5 sesiones de coaching podr\u00e1s personalizar tu estrategia y plan de acci\u00f3n.   V\u00eddeo explicativo aqu\u00ed\" \/>\n<meta property=\"og:url\" content=\"https:\/\/psicologiavial.com\/index.php\/product\/conduccion-vip-modalidad-individual-online\/\" \/>\n<meta property=\"og:site_name\" content=\"Psicolog\u00eda vial\" \/>\n<meta property=\"article:modified_time\" content=\"2020-12-14T11:21:33+00:00\" \/>\n<meta property=\"og:image\" content=\"https:\/\/psicologiavial.com\/wp-content\/uploads\/2020\/10\/programa-avanzado.jpg\" \/>\n\t<meta property=\"og:image:width\" content=\"400\" \/>\n\t<meta property=\"og:image:height\" content=\"267\" \/>\n<meta name=\"twitter:card\" content=\"summary_large_image\" \/>\n<meta name=\"twitter:label1\" content=\"Escrito por\">\n\t<meta name=\"twitter:data1\" content=\"admin\">\n\t<meta name=\"twitter:label2\" content=\"Tiempo de lectura\">\n\t<meta name=\"twitter:data2\" content=\"2 minutos\">\n<script type=\"application\/ld+json\" class=\"yoast-schema-graph\">{\"@context\":\"https:\/\/schema.org\",\"@graph\":[{\"@type\":\"WebSite\",\"@id\":\"http:\/\/psicologiavial.com\/#website\",\"url\":\"http:\/\/psicologiavial.com\/\",\"name\":\"Psicolog\\u00eda vial\",\"description\":\"Conduce con Psicolog\\u00eda Vial\",\"potentialAction\":[{\"@type\":\"SearchAction\",\"target\":\"http:\/\/psicologiavial.com\/?s={search_term_string}\",\"query-input\":\"required name=search_term_string\"}],\"inLanguage\":\"es\"},{\"@type\":\"ImageObject\",\"@id\":\"https:\/\/psicologiavial.com\/index.php\/product\/conduccion-vip-modalidad-individual-online\/#primaryimage\",\"inLanguage\":\"es\",\"url\":\"https:\/\/psicologiavial.com\/wp-content\/uploads\/2020\/10\/programa-avanzado.jpg\",\"width\":400,\"height\":267},{\"@type\":\"WebPage\",\"@id\":\"https:\/\/psicologiavial.com\/index.php\/product\/conduccion-vip-modalidad-individual-online\/#webpage\",\"url\":\"https:\/\/psicologiavial.com\/index.php\/product\/conduccion-vip-modalidad-individual-online\/\",\"name\":\"Conducci\\u00f3n VIP \\u2013 modalidad individual ONLINE - Psicolog\\u00eda vial\",\"isPartOf\":{\"@id\":\"http:\/\/psicologiavial.com\/#website\"},\"primaryImageOfPage\":{\"@id\":\"https:\/\/psicologiavial.com\/index.php\/product\/conduccion-vip-modalidad-individual-online\/#primaryimage\"},\"datePublished\":\"2020-10-15T12:01:32+00:00\",\"dateModified\":\"2020-12-14T11:21:33+00:00\",\"inLanguage\":\"es\",\"potentialAction\":[{\"@type\":\"ReadAction\",\"target\":[\"https:\/\/psicologiavial.com\/index.php\/product\/conduccion-vip-modalidad-individual-online\/\"]}]}]}<\/script>\n<!-- \/ Yoast SEO plugin. -->","_links":{"self":[{"href":"https:\/\/psicologiavial.com\/index.php\/wp-json\/wp\/v2\/product\/357"}],"collection":[{"href":"https:\/\/psicologiavial.com\/index.php\/wp-json\/wp\/v2\/product"}],"about":[{"href":"https:\/\/psicologiavial.com\/index.php\/wp-json\/wp\/v2\/types\/product"}],"wp:featuredmedia":[{"embeddable":true,"href":"https:\/\/psicologiavial.com\/index.php\/wp-json\/wp\/v2\/media\/934"}],"wp:attachment":[{"href":"https:\/\/psicologiavial.com\/index.php\/wp-json\/wp\/v2\/media?parent=357"}],"curies":[{"name":"wp","href":"https:\/\/api.w.org\/{rel}","templated":true}]}}