{"id":354,"date":"2020-10-15T11:41:53","date_gmt":"2020-10-15T11:41:53","guid":{"rendered":"http:\/\/psicologiavial.com\/?post_type=product&#038;p=354"},"modified":"2020-12-14T11:17:53","modified_gmt":"2020-12-14T11:17:53","slug":"stop-velocidad-modalidad-individual-online","status":"publish","type":"product","link":"https:\/\/psicologiavial.com\/index.php\/product\/stop-velocidad-modalidad-individual-online\/","title":{"rendered":"Stop velocidad \u2013 modalidad individual ONLINE"},"content":{"rendered":"<section class=\"course-for\">\n<h5><span style=\"color: #000000; font-family: Montserrat;\"><strong>\u00bfPara qui\u00e9n es este curso?<\/strong><\/span><\/h5>\n<ul>\n<li class=\"content-course-for\">Deseas ser capaz de conducir respetando los l\u00edmites de velocidad.<\/li>\n<li class=\"content-course-for\">Quieres desarrollar el h\u00e1bito de la cultura \u201cslow\u201d en la conducci\u00f3n.<\/li>\n<li class=\"content-course-for\">Sientes que pones en riesgo tu seguridad por culpa de la velocidad.<\/li>\n<\/ul>\n<\/section>\n<div class=\"title-requirement\">\n<h5><span style=\"color: #000000; font-family: Montserrat;\"><strong>Objetivos<\/strong><\/span><\/h5>\n<\/div>\n<div class=\"content-requirement\">\n<ul class=\"list-requirement\">\n<li class=\"item\">Hallar bienestar conduciendo a la velocidad m\u00e1xima de cada v\u00eda.<\/li>\n<li class=\"item\">Aprender a dirigir la atenci\u00f3n sostenida a la velocidad.<\/li>\n<li class=\"item\">Hacer h\u00e1bito en la pr\u00e1ctica de velocidad de crucero permitida.<\/li>\n<li class=\"item\">Ser consciente de los procesos psicol\u00f3gicos involucrados y entrenarme en ellos.<\/li>\n<\/ul>\n<\/div>\n<h3><\/h3>\n<p>&nbsp;<\/p>\n<section class=\"section-description lema-view-more\">\n<h3><span style=\"color: #000000; font-family: Montserrat;\"><strong>Descripci\u00f3n<\/strong><\/span><\/h3>\n<div class=\"content-descripton lema-view-more-content show-all\">\n<p><span style=\"color: #f6b700;\">\u00bfCu\u00e1ndo?, \u00bfd\u00f3nde?, \u00bfc\u00f3mo?<\/span><\/p>\n<ul>\n<li>Online. En la fecha y horario que t\u00fa decidas.<\/li>\n<li>El programa consta de un temario completo de 3 bloques de contenido te\u00f3rico pr\u00e1ctico en\u00a0 psicolog\u00eda vial aplicada a tu conducci\u00f3n, para que a tu ritmo vayas avanzando.<\/li>\n<li>60 minutos cada sesi\u00f3n de coaching.<\/li>\n<li>El curso incluye un total de <strong><u>2 sesiones<\/u><\/strong> de coaching para que trabajes tu plan de acci\u00f3n personalizado.<\/li>\n<li>Podr\u00e1s ampliar \u00e9stas contratando un\u00a0<span style=\"color: #f6b700;\"><a style=\"color: #f6b700;\" href=\"http:\/\/psicologiavial.com\/producto\/pack-coaching\/\">PACK DE SESIONES<\/a><\/span><\/li>\n<\/ul>\n<p>&nbsp;<\/p>\n<p>Desarrollar\u00e1s la capacidad de dirigir tu atenci\u00f3n selectivamente, al tiempo que logras la sensaci\u00f3n de calma como resultado independiente de la velocidad. Aprender\u00e1s adem\u00e1s a gestionar el malestar de la prisa y a planificar tu tiempo de forma eficaz.<\/p>\n<p>&nbsp;<\/p>\n<\/div>\n<\/section>\n<h3><\/h3>\n<p>&nbsp;<\/p>\n<h3><span style=\"color: #000000; font-family: Montserrat;\"><strong>Contenido<\/strong><\/span><\/h3>\n<h5><span style=\"color: #000000; font-family: Montserrat;\"><strong>Teor\u00eda de la ecuaci\u00f3n de velocidad:.<br \/>\n<\/strong><\/span><\/h5>\n<ul>\n<li>Tiempo de reacci\u00f3n y distancia de frenada.<\/li>\n<li>Accidentalidad y regulaci\u00f3n normativa actual.<\/li>\n<\/ul>\n<h5><span style=\"color: #000000; font-family: Montserrat;\"><strong>La cultura slow como ant\u00eddoto a la enfermedad de la prisa.<br \/>\n<\/strong><\/span><\/h5>\n<ul>\n<li>Desacelera tu vida y revaloriza el disfrute y los afectos.<\/li>\n<\/ul>\n<h5><span style=\"color: #000000; font-family: Montserrat;\"><strong>Gesti\u00f3n y Planificaci\u00f3n del tiempo: despacio llego lejos.<br \/>\n<\/strong><\/span><\/h5>\n<ul>\n<li>Del h\u00e1bito a la toma de decisi\u00f3n continuada.<\/li>\n<li>Cuando las circunstancias apremian y las obligaciones sepultan tu criterio.<\/li>\n<li>Capacidad de reflexi\u00f3n y an\u00e1lisis en movimiento: sabidur\u00eda, no lentitud.<\/li>\n<li>matriz de decisiones Eisenhower.<\/li>\n<\/ul>\n<h5><span style=\"color: #000000; font-family: Montserrat;\"><strong>Estilos de conducci\u00f3n, impulsividad y b\u00fasqueda de sensaciones.<br \/>\n<\/strong><\/span><\/h5>\n<ul>\n<li>Mi ritmo de desaceleraci\u00f3n: minutos que cuentan.<\/li>\n<\/ul>\n<h5><span style=\"color: #000000; font-family: Montserrat;\"><strong>Mi plan de acci\u00f3n en Stop Velocidad<\/strong><\/span><\/h5>\n<ul>\n<li>Trazando mi l\u00ednea discontinua entre conducci\u00f3n y velocidad.<\/li>\n<li>Elementos que interfieren en mi buena marcha.<\/li>\n<\/ul>\n<h5><span style=\"color: #000000; font-family: Montserrat;\"><strong>Cuestionarios, recursos y entrenamiento<br \/>\n<\/strong><\/span><\/h5>\n<ul>\n<li>Anexos<\/li>\n<li>Sesiones de coaching<\/li>\n<\/ul>\n","protected":false},"excerpt":{"rendered":"<section class=\"preface\">\n<div><strong>DURACI\u00d3N MEDIA: <\/strong>2-4 meses.<\/div>\n<div><strong>El ritmo lo marcas t\u00fa. C\u00e1lculo basado en una dedicaci\u00f3n media de 5 horas a la semana.<\/strong><\/div>\n<div><\/div>\n<div class=\"preface-sub-title\">Si corres, no vuelas.<\/div>\n<div><\/div>\n<div>\n<div class=\"content-item item-left\">\n<ul class=\"list-content-item\">\n<li class=\"item\">Entrenar\u00e1s tu habilidad para priorizar seguridad frente a velocidad.<\/li>\n<li class=\"item\">Ser\u00e1s capaz de desarrollar el h\u00e1bito de conducir a la velocidad reglamentaria de cada v\u00eda CON BIENESTAR.<\/li>\n<li class=\"item\">Los materiales ofrecidos y el conjunto de recursos y herramientas del programa te servir\u00e1n en lo concreto de tu pr\u00e1ctica de conducci\u00f3n.<\/li>\n<li class=\"item\">Recuperar\u00e1s el control de tu conducta aumentando la calma y tranquilidad en tu conducci\u00f3n.<\/li>\n<li class=\"item\">A trav\u00e9s de las 2 sesiones de coaching podr\u00e1s personalizar tu estrategia y plan de acci\u00f3n.<\/li>\n<\/ul>\n<h5><\/h5>\n<h5><span style=\"color: #f6b700;\"><span style=\"font-family: Montserrat;\"><strong><a style=\"color: #f6b700;\" href=\"https:\/\/youtu.be\/IheOzH4N_Zs\" target=\"_blank\" rel=\"noopener noreferrer\">V\u00eddeo explicativo aqu\u00ed<\/a><\/strong><\/span><\/span><\/h5>\n<\/div>\n<\/div>\n<\/section>\n","protected":false},"featured_media":933,"template":"","meta":[],"yoast_head":"<!-- This site is optimized with the Yoast SEO plugin v15.2.1 - https:\/\/yoast.com\/wordpress\/plugins\/seo\/ -->\n<title>Stop velocidad \u2013 modalidad individual ONLINE - Psicolog\u00eda vial<\/title>\n<meta name=\"robots\" content=\"index, follow, max-snippet:-1, max-image-preview:large, max-video-preview:-1\" \/>\n<link rel=\"canonical\" href=\"https:\/\/psicologiavial.com\/index.php\/product\/stop-velocidad-modalidad-individual-online\/\" \/>\n<meta property=\"og:locale\" content=\"es_ES\" \/>\n<meta property=\"og:type\" content=\"article\" \/>\n<meta property=\"og:title\" content=\"Stop velocidad \u2013 modalidad individual ONLINE - Psicolog\u00eda vial\" \/>\n<meta property=\"og:description\" content=\"DURACI\u00d3N MEDIA: 2-4 meses. El ritmo lo marcas t\u00fa. C\u00e1lculo basado en una dedicaci\u00f3n media de 5 horas a la semana.  Si corres, no vuelas.      Entrenar\u00e1s tu habilidad para priorizar seguridad frente a velocidad.  Ser\u00e1s capaz de desarrollar el h\u00e1bito de conducir a la velocidad reglamentaria de cada v\u00eda CON BIENESTAR.  Los materiales ofrecidos y el conjunto de recursos y herramientas del programa te servir\u00e1n en lo concreto de tu pr\u00e1ctica de conducci\u00f3n.  Recuperar\u00e1s el control de tu conducta aumentando la calma y tranquilidad en tu conducci\u00f3n.  A trav\u00e9s de las 2 sesiones de coaching podr\u00e1s personalizar tu estrategia y plan de acci\u00f3n.   V\u00eddeo explicativo aqu\u00ed\" \/>\n<meta property=\"og:url\" content=\"https:\/\/psicologiavial.com\/index.php\/product\/stop-velocidad-modalidad-individual-online\/\" \/>\n<meta property=\"og:site_name\" content=\"Psicolog\u00eda vial\" \/>\n<meta property=\"article:modified_time\" content=\"2020-12-14T11:17:53+00:00\" \/>\n<meta property=\"og:image\" content=\"https:\/\/psicologiavial.com\/wp-content\/uploads\/2020\/10\/programa-velocidad.jpg\" \/>\n\t<meta property=\"og:image:width\" content=\"400\" \/>\n\t<meta property=\"og:image:height\" content=\"267\" \/>\n<meta name=\"twitter:card\" content=\"summary_large_image\" \/>\n<meta name=\"twitter:label1\" content=\"Escrito por\">\n\t<meta name=\"twitter:data1\" content=\"admin\">\n\t<meta name=\"twitter:label2\" content=\"Tiempo de lectura\">\n\t<meta name=\"twitter:data2\" content=\"1 minuto\">\n<script type=\"application\/ld+json\" class=\"yoast-schema-graph\">{\"@context\":\"https:\/\/schema.org\",\"@graph\":[{\"@type\":\"WebSite\",\"@id\":\"http:\/\/psicologiavial.com\/#website\",\"url\":\"http:\/\/psicologiavial.com\/\",\"name\":\"Psicolog\\u00eda vial\",\"description\":\"Conduce con Psicolog\\u00eda Vial\",\"potentialAction\":[{\"@type\":\"SearchAction\",\"target\":\"http:\/\/psicologiavial.com\/?s={search_term_string}\",\"query-input\":\"required name=search_term_string\"}],\"inLanguage\":\"es\"},{\"@type\":\"ImageObject\",\"@id\":\"https:\/\/psicologiavial.com\/index.php\/product\/stop-velocidad-modalidad-individual-online\/#primaryimage\",\"inLanguage\":\"es\",\"url\":\"https:\/\/psicologiavial.com\/wp-content\/uploads\/2020\/10\/programa-velocidad.jpg\",\"width\":400,\"height\":267},{\"@type\":\"WebPage\",\"@id\":\"https:\/\/psicologiavial.com\/index.php\/product\/stop-velocidad-modalidad-individual-online\/#webpage\",\"url\":\"https:\/\/psicologiavial.com\/index.php\/product\/stop-velocidad-modalidad-individual-online\/\",\"name\":\"Stop velocidad \\u2013 modalidad individual ONLINE - Psicolog\\u00eda vial\",\"isPartOf\":{\"@id\":\"http:\/\/psicologiavial.com\/#website\"},\"primaryImageOfPage\":{\"@id\":\"https:\/\/psicologiavial.com\/index.php\/product\/stop-velocidad-modalidad-individual-online\/#primaryimage\"},\"datePublished\":\"2020-10-15T11:41:53+00:00\",\"dateModified\":\"2020-12-14T11:17:53+00:00\",\"inLanguage\":\"es\",\"potentialAction\":[{\"@type\":\"ReadAction\",\"target\":[\"https:\/\/psicologiavial.com\/index.php\/product\/stop-velocidad-modalidad-individual-online\/\"]}]}]}<\/script>\n<!-- \/ Yoast SEO plugin. -->","_links":{"self":[{"href":"https:\/\/psicologiavial.com\/index.php\/wp-json\/wp\/v2\/product\/354"}],"collection":[{"href":"https:\/\/psicologiavial.com\/index.php\/wp-json\/wp\/v2\/product"}],"about":[{"href":"https:\/\/psicologiavial.com\/index.php\/wp-json\/wp\/v2\/types\/product"}],"wp:featuredmedia":[{"embeddable":true,"href":"https:\/\/psicologiavial.com\/index.php\/wp-json\/wp\/v2\/media\/933"}],"wp:attachment":[{"href":"https:\/\/psicologiavial.com\/index.php\/wp-json\/wp\/v2\/media?parent=354"}],"curies":[{"name":"wp","href":"https:\/\/api.w.org\/{rel}","templated":true}]}}