{"id":350,"date":"2020-10-15T08:11:42","date_gmt":"2020-10-15T08:11:42","guid":{"rendered":"http:\/\/psicologiavial.com\/?post_type=product&#038;p=350"},"modified":"2020-12-14T11:17:33","modified_gmt":"2020-12-14T11:17:33","slug":"cero-alcohol-modalidad-individual-online","status":"publish","type":"product","link":"https:\/\/psicologiavial.com\/index.php\/product\/cero-alcohol-modalidad-individual-online\/","title":{"rendered":"Cero Alcohol \u2013 modalidad individual ONLINE"},"content":{"rendered":"<section class=\"course-for\">\n<h5><span style=\"color: #000000; font-family: Montserrat;\"><strong>\u00bfPara qui\u00e9n es este curso?<\/strong><\/span><\/h5>\n<ul>\n<li class=\"content-course-for\">\n<div class=\"content-course-for\">Deseas ser capaz de no sentir malestar por elegir conducci\u00f3n sin consumo de alcohol.<\/div>\n<\/li>\n<li class=\"content-course-for\">\n<div class=\"content-course-for\">Quieres desarrollar el h\u00e1bito de \u201ccero alcohol\u201d en la conducci\u00f3n.<\/div>\n<\/li>\n<li class=\"content-course-for\">\n<div class=\"content-course-for\">Sientes que pones en riesgo tu seguridad por culpa del alcohol.<\/div>\n<\/li>\n<\/ul>\n<\/section>\n<div class=\"title-requirement\">\n<h5><span style=\"color: #000000; font-family: Montserrat;\"><strong>Objetivos<\/strong><\/span><\/h5>\n<\/div>\n<div class=\"content-requirement\">\n<ul class=\"list-requirement\">\n<li class=\"item\">Encontrar mis propios motivos para conducir sin alcohol.<\/li>\n<li class=\"item\">Lograr bienestar mientras conduces y disfrutar mientras no lo haces.<\/li>\n<li class=\"item\">Aprender a programar y tomar la decisi\u00f3n correcta a tiempo.<\/li>\n<li class=\"item\">Hacer h\u00e1bito en la pr\u00e1ctica de elegir alcohol o conducci\u00f3n.<\/li>\n<li class=\"item\">Ser consciente de los procesos psicol\u00f3gicos involucrados y entrenarme en ellos.<\/li>\n<\/ul>\n<\/div>\n<h3><\/h3>\n<p>&nbsp;<\/p>\n<section class=\"section-description lema-view-more\">\n<h3><span style=\"color: #000000; font-family: Montserrat;\"><strong>Descripci\u00f3n<\/strong><\/span><\/h3>\n<div class=\"content-descripton lema-view-more-content show-all\">\n<p><span style=\"color: #f6b700;\">\u00bfCu\u00e1ndo?, \u00bfd\u00f3nde?, \u00bfc\u00f3mo?<\/span><\/p>\n<ul>\n<li>Online. En la fecha y horario que t\u00fa decidas.<\/li>\n<li>El programa consta de un temario completo de 3 bloques de contenido te\u00f3rico pr\u00e1ctico en\u00a0 psicolog\u00eda vial aplicada a tu conducci\u00f3n, para que a tu ritmo vayas avanzando.<\/li>\n<li>60 minutos cada sesi\u00f3n de coaching.<\/li>\n<li>El curso incluye un total de 3 sesiones de coaching para que trabajes tu plan de acci\u00f3n personalizado.<\/li>\n<li>Podr\u00e1s ampliar \u00e9stas contratando un\u00a0<span style=\"color: #f6b700;\"><a style=\"color: #f6b700;\" href=\"\/index.php\/product\/pack-coaching\/\">PACK DE SESIONES<\/a><\/span><\/li>\n<\/ul>\n<p>Conseguir\u00e1s tomar la decisi\u00f3n consciente de conducir sin consumo de alcohol.<br \/>\nNos centraremos en los aspectos relacionados con la estimaci\u00f3n sesgada del riesgo y la autoconfianza percibida.<\/p>\n<\/div>\n<\/section>\n<h3><\/h3>\n<p>&nbsp;<\/p>\n<h3><span style=\"color: #000000; font-family: Montserrat;\"><strong>Contenido<\/strong><\/span><\/h3>\n<h5><span style=\"color: #000000; font-family: Montserrat;\"><strong>Conducci\u00f3n y alcohol: farmacocin\u00e9tica y efectos psicol\u00f3gicos.<br \/>\n<\/strong><\/span><\/h5>\n<ul>\n<li>Desinhibici\u00f3n, euforia y sobrevaloraci\u00f3n de las propias capacidades de conducci\u00f3n.<\/li>\n<li>Falta de atenci\u00f3n y somnolencia: disminuci\u00f3n general de reflejos.<\/li>\n<li>Tiempos de reacci\u00f3n m\u00e1s lentos, en la respuesta y el control del veh\u00edculo.<\/li>\n<li>Alteraci\u00f3n de los movimientos oculares.<\/li>\n<\/ul>\n<h5><span style=\"color: #000000; font-family: Montserrat;\"><strong>Factores de riesgo: h\u00e1bitos inadecuados y factores asociados..<br \/>\n<\/strong><\/span><\/h5>\n<ul>\n<li>Tolerancia, dependencia y abstinencia.<\/li>\n<li>Normalizaci\u00f3n social, estilos de vida y ocio embriagado.<\/li>\n<li>Accidentalidad, regulaci\u00f3n normativa actual e intervenci\u00f3n.<\/li>\n<li>Proyecto europeo DRUID<\/li>\n<\/ul>\n<h5><span style=\"color: #000000; font-family: Montserrat;\"><strong>Plan de acci\u00f3n en Cero Alcohol.<br \/>\n<\/strong><\/span><\/h5>\n<ul>\n<li>\u00c1rbol de decisi\u00f3n: una herramienta para decidir bien<\/li>\n<li>Mi retrato de consumo: colores, luces y sombras<\/li>\n<li>Trazando mi l\u00ednea discontinua entre conducci\u00f3n y consumo<\/li>\n<li>Elementos que interfieren en mi buena marcha<\/li>\n<\/ul>\n<h5><span style=\"color: #000000; font-family: Montserrat;\"><strong>Cuestionarios, recursos y entrenamiento<br \/>\n<\/strong><\/span><\/h5>\n<ul>\n<li>Anexos<\/li>\n<li>Sesiones de coaching<\/li>\n<\/ul>\n","protected":false},"excerpt":{"rendered":"<section class=\"preface\">\n<div><strong>DURACI\u00d3N MEDIA: <\/strong>2-4- meses.<\/div>\n<div><strong>El ritmo lo marcas t\u00fa. C\u00e1lculo basado en una dedicaci\u00f3n media de 5 horas a la semana.<\/strong><\/div>\n<div><\/div>\n<div class=\"preface-sub-title\">C\u00f3mo privarte sin alterarte.<\/div>\n<div><\/div>\n<div>\n<div class=\"content-item item-left\">\n<ul class=\"list-content-item\">\n<li class=\"item\">Entrenar\u00e1s tu habilidad para decidir CERO ALCOHOL seg\u00fan tu propio \u00e1rbol de decisiones.<\/li>\n<li class=\"item\">Aprender\u00e1s a marcarte secuencias de control conductual eficaces para lograr tu objetivo.<\/li>\n<li class=\"item\">Los materiales ofrecidos y el conjunto de recursos y herramientas del programa te servir\u00e1n en lo concreto de tu pr\u00e1ctica de conducci\u00f3n.<\/li>\n<li class=\"item\">Recuperar\u00e1s el control de tu conducta CERO ALCOHOL aumentando como resultado tu bienestar.<\/li>\n<li class=\"item\">En las<strong> 3 sesiones<\/strong> de coaching personalizar\u00e1s tu estrategia y plan de acci\u00f3n.<\/li>\n<\/ul>\n<p>&nbsp;<\/p>\n<\/div>\n<\/div>\n<div class=\"content-item item-right\">\n<h5><span style=\"color: #f6b700;\"><span style=\"font-family: Montserrat;\"><strong><a style=\"color: #f6b700;\" href=\"https:\/\/youtu.be\/cA6cvK85gJE\" target=\"_blank\" rel=\"noopener noreferrer\">V\u00eddeo explicativo aqu\u00ed<\/a><\/strong><\/span><\/span><\/h5>\n<\/div>\n<\/section>\n","protected":false},"featured_media":932,"template":"","meta":[],"yoast_head":"<!-- This site is optimized with the Yoast SEO plugin v15.2.1 - https:\/\/yoast.com\/wordpress\/plugins\/seo\/ -->\n<title>Cero Alcohol \u2013 modalidad individual ONLINE - Psicolog\u00eda vial<\/title>\n<meta name=\"robots\" content=\"index, follow, max-snippet:-1, max-image-preview:large, max-video-preview:-1\" \/>\n<link rel=\"canonical\" href=\"https:\/\/psicologiavial.com\/index.php\/product\/cero-alcohol-modalidad-individual-online\/\" \/>\n<meta property=\"og:locale\" content=\"es_ES\" \/>\n<meta property=\"og:type\" content=\"article\" \/>\n<meta property=\"og:title\" content=\"Cero Alcohol \u2013 modalidad individual ONLINE - Psicolog\u00eda vial\" \/>\n<meta property=\"og:description\" content=\"DURACI\u00d3N MEDIA: 2-4- meses. El ritmo lo marcas t\u00fa. C\u00e1lculo basado en una dedicaci\u00f3n media de 5 horas a la semana.  C\u00f3mo privarte sin alterarte.      Entrenar\u00e1s tu habilidad para decidir CERO ALCOHOL seg\u00fan tu propio \u00e1rbol de decisiones.  Aprender\u00e1s a marcarte secuencias de control conductual eficaces para lograr tu objetivo.  Los materiales ofrecidos y el conjunto de recursos y herramientas del programa te servir\u00e1n en lo concreto de tu pr\u00e1ctica de conducci\u00f3n.  Recuperar\u00e1s el control de tu conducta CERO ALCOHOL aumentando como resultado tu bienestar.  En las 3 sesiones de coaching personalizar\u00e1s tu estrategia y plan de acci\u00f3n.  &nbsp;     V\u00eddeo explicativo aqu\u00ed\" \/>\n<meta property=\"og:url\" content=\"https:\/\/psicologiavial.com\/index.php\/product\/cero-alcohol-modalidad-individual-online\/\" \/>\n<meta property=\"og:site_name\" content=\"Psicolog\u00eda vial\" \/>\n<meta property=\"article:modified_time\" content=\"2020-12-14T11:17:33+00:00\" \/>\n<meta property=\"og:image\" content=\"https:\/\/psicologiavial.com\/wp-content\/uploads\/2020\/10\/programa-alcohol.jpg\" \/>\n\t<meta property=\"og:image:width\" content=\"400\" \/>\n\t<meta property=\"og:image:height\" content=\"267\" \/>\n<meta name=\"twitter:card\" content=\"summary_large_image\" \/>\n<meta name=\"twitter:label1\" content=\"Escrito por\">\n\t<meta name=\"twitter:data1\" content=\"admin\">\n\t<meta name=\"twitter:label2\" content=\"Tiempo de lectura\">\n\t<meta name=\"twitter:data2\" content=\"1 minuto\">\n<script type=\"application\/ld+json\" class=\"yoast-schema-graph\">{\"@context\":\"https:\/\/schema.org\",\"@graph\":[{\"@type\":\"WebSite\",\"@id\":\"http:\/\/psicologiavial.com\/#website\",\"url\":\"http:\/\/psicologiavial.com\/\",\"name\":\"Psicolog\\u00eda vial\",\"description\":\"Conduce con Psicolog\\u00eda Vial\",\"potentialAction\":[{\"@type\":\"SearchAction\",\"target\":\"http:\/\/psicologiavial.com\/?s={search_term_string}\",\"query-input\":\"required name=search_term_string\"}],\"inLanguage\":\"es\"},{\"@type\":\"ImageObject\",\"@id\":\"https:\/\/psicologiavial.com\/index.php\/product\/cero-alcohol-modalidad-individual-online\/#primaryimage\",\"inLanguage\":\"es\",\"url\":\"https:\/\/psicologiavial.com\/wp-content\/uploads\/2020\/10\/programa-alcohol.jpg\",\"width\":400,\"height\":267},{\"@type\":\"WebPage\",\"@id\":\"https:\/\/psicologiavial.com\/index.php\/product\/cero-alcohol-modalidad-individual-online\/#webpage\",\"url\":\"https:\/\/psicologiavial.com\/index.php\/product\/cero-alcohol-modalidad-individual-online\/\",\"name\":\"Cero Alcohol \\u2013 modalidad individual ONLINE - Psicolog\\u00eda vial\",\"isPartOf\":{\"@id\":\"http:\/\/psicologiavial.com\/#website\"},\"primaryImageOfPage\":{\"@id\":\"https:\/\/psicologiavial.com\/index.php\/product\/cero-alcohol-modalidad-individual-online\/#primaryimage\"},\"datePublished\":\"2020-10-15T08:11:42+00:00\",\"dateModified\":\"2020-12-14T11:17:33+00:00\",\"inLanguage\":\"es\",\"potentialAction\":[{\"@type\":\"ReadAction\",\"target\":[\"https:\/\/psicologiavial.com\/index.php\/product\/cero-alcohol-modalidad-individual-online\/\"]}]}]}<\/script>\n<!-- \/ Yoast SEO plugin. -->","_links":{"self":[{"href":"https:\/\/psicologiavial.com\/index.php\/wp-json\/wp\/v2\/product\/350"}],"collection":[{"href":"https:\/\/psicologiavial.com\/index.php\/wp-json\/wp\/v2\/product"}],"about":[{"href":"https:\/\/psicologiavial.com\/index.php\/wp-json\/wp\/v2\/types\/product"}],"wp:featuredmedia":[{"embeddable":true,"href":"https:\/\/psicologiavial.com\/index.php\/wp-json\/wp\/v2\/media\/932"}],"wp:attachment":[{"href":"https:\/\/psicologiavial.com\/index.php\/wp-json\/wp\/v2\/media?parent=350"}],"curies":[{"name":"wp","href":"https:\/\/api.w.org\/{rel}","templated":true}]}}