{"id":433,"date":"2020-10-16T12:10:50","date_gmt":"2020-10-16T12:10:50","guid":{"rendered":"http:\/\/psicologiavial.com\/?page_id=433"},"modified":"2020-10-26T07:03:55","modified_gmt":"2020-10-26T07:03:55","slug":"de-cerca","status":"publish","type":"page","link":"https:\/\/psicologiavial.com\/index.php\/de-cerca\/","title":{"rendered":"De cerca"},"content":{"rendered":"\t\t<div data-elementor-type=\"wp-page\" data-elementor-id=\"433\" class=\"elementor elementor-433\" data-elementor-settings=\"[]\">\n\t\t\t\t\t\t<div class=\"elementor-inner\">\n\t\t\t\t\t\t\t<div class=\"elementor-section-wrap\">\n\t\t\t\t\t\t\t<section class=\"elementor-section elementor-top-section elementor-element elementor-element-db351d8 elementor-section-boxed elementor-section-height-default elementor-section-height-default\" data-id=\"db351d8\" data-element_type=\"section\">\n\t\t\t\t\t\t<div class=\"elementor-container elementor-column-gap-default\">\n\t\t\t\t\t\t\t<div class=\"elementor-row\">\n\t\t\t\t\t<div class=\"elementor-column elementor-col-33 elementor-top-column elementor-element elementor-element-3eafe2e\" data-id=\"3eafe2e\" data-element_type=\"column\">\n\t\t\t<div class=\"elementor-column-wrap elementor-element-populated\">\n\t\t\t\t\t\t\t<div class=\"elementor-widget-wrap\">\n\t\t\t\t\t\t<div class=\"elementor-element elementor-element-1ff9dfd elementor-widget elementor-widget-image\" data-id=\"1ff9dfd\" data-element_type=\"widget\" data-widget_type=\"image.default\">\n\t\t\t\t<div class=\"elementor-widget-container\">\n\t\t\t\t\t<div class=\"elementor-image\">\n\t\t\t\t\t\t\t\t\t\t<img src=\"https:\/\/psicologiavial.com\/wp-content\/uploads\/elementor\/thumbs\/de-cerca-oyjsg3hyjn7c3q3efynpkvehyoqfz8qtp9cigvopzc.jpg\" title=\"\u00a1ENTRA! &#8220;de cerca&#8221;\" alt=\"\u00a1ENTRA! \"de cerca\"\" \/>\t\t\t\t\t\t\t\t\t\t\t<\/div>\n\t\t\t\t<\/div>\n\t\t\t\t<\/div>\n\t\t\t\t\t\t<\/div>\n\t\t\t\t\t<\/div>\n\t\t<\/div>\n\t\t\t\t<div class=\"elementor-column elementor-col-66 elementor-top-column elementor-element elementor-element-cc558c5\" data-id=\"cc558c5\" data-element_type=\"column\">\n\t\t\t<div class=\"elementor-column-wrap elementor-element-populated\">\n\t\t\t\t\t\t\t<div class=\"elementor-widget-wrap\">\n\t\t\t\t\t\t<div class=\"elementor-element elementor-element-562b2d8 elementor-widget elementor-widget-heading\" data-id=\"562b2d8\" data-element_type=\"widget\" data-widget_type=\"heading.default\">\n\t\t\t\t<div class=\"elementor-widget-container\">\n\t\t\t<h2 class=\"elementor-heading-title elementor-size-default\">DE CERCA<\/h2>\t\t<\/div>\n\t\t\t\t<\/div>\n\t\t\t\t<div class=\"elementor-element elementor-element-6392798 elementor-shape-square elementor-grid-0 elementor-widget elementor-widget-social-icons\" data-id=\"6392798\" data-element_type=\"widget\" data-widget_type=\"social-icons.default\">\n\t\t\t\t<div class=\"elementor-widget-container\">\n\t\t\t\t\t<div class=\"elementor-social-icons-wrapper elementor-grid\">\n\t\t\t\t\t\t\t<div class=\"elementor-grid-item\">\n\t\t\t\t\t<a class=\"elementor-icon elementor-social-icon elementor-social-icon-linkedin elementor-repeater-item-0d58314\" href=\"https:\/\/www.linkedin.com\/in\/camino-verdugo-reino\" target=\"_blank\">\n\t\t\t\t\t\t<span class=\"elementor-screen-only\">Linkedin<\/span>\n\t\t\t\t\t\t<i class=\"fab fa-linkedin\"><\/i>\t\t\t\t\t<\/a>\n\t\t\t\t<\/div>\n\t\t\t\t\t<\/div>\n\t\t\t\t<\/div>\n\t\t\t\t<\/div>\n\t\t\t\t\t\t<\/div>\n\t\t\t\t\t<\/div>\n\t\t<\/div>\n\t\t\t\t\t\t\t\t<\/div>\n\t\t\t\t\t<\/div>\n\t\t<\/section>\n\t\t\t\t<section class=\"elementor-section elementor-top-section elementor-element elementor-element-7074af8 elementor-section-boxed elementor-section-height-default elementor-section-height-default\" data-id=\"7074af8\" data-element_type=\"section\">\n\t\t\t\t\t\t<div class=\"elementor-container elementor-column-gap-default\">\n\t\t\t\t\t\t\t<div class=\"elementor-row\">\n\t\t\t\t\t<div class=\"elementor-column elementor-col-100 elementor-top-column elementor-element elementor-element-485f9c2\" data-id=\"485f9c2\" data-element_type=\"column\">\n\t\t\t<div class=\"elementor-column-wrap elementor-element-populated\">\n\t\t\t\t\t\t\t<div class=\"elementor-widget-wrap\">\n\t\t\t\t\t\t<div class=\"elementor-element elementor-element-2024685 elementor-widget elementor-widget-text-editor\" data-id=\"2024685\" data-element_type=\"widget\" data-widget_type=\"text-editor.default\">\n\t\t\t\t<div class=\"elementor-widget-container\">\n\t\t\t\t\t<div class=\"elementor-text-editor elementor-clearfix\"><p>Realizo mi tesis doctoral en Psicolog\u00eda Social Aplicada a la Seguridad Vial en la UCM, universidad por la que me licenci\u00e9 en 2003. Llevo 13 a\u00f1os impartiendo sesiones grupales en los cursos de recuperaci\u00f3n total de puntos, como psic\u00f3loga-formadora experta en t\u00e9cnicas de sensibilizaci\u00f3n psicol\u00f3gica y estrategias de orientaci\u00f3n al cambio de actitudes para una mejora de la seguridad vial. He desarrollado acciones formativas para empresas como Endesa. Me he especializado en Coaching, herramienta que aplico en los procesos de entrenamiento. He impartido talleres y liderado proyectos en consultoras de formaci\u00f3n como \u00e9logos.<br \/>Colaboradora en ISEVI como investigadora y docente.<\/p><\/div>\n\t\t\t\t<\/div>\n\t\t\t\t<\/div>\n\t\t\t\t<div class=\"elementor-element elementor-element-e949c6f elementor-widget elementor-widget-heading\" data-id=\"e949c6f\" data-element_type=\"widget\" data-widget_type=\"heading.default\">\n\t\t\t\t<div class=\"elementor-widget-container\">\n\t\t\t<p class=\"elementor-heading-title elementor-size-default\">\u00bfQu\u00e9 hago bien?<\/p>\t\t<\/div>\n\t\t\t\t<\/div>\n\t\t\t\t<div class=\"elementor-element elementor-element-1d5f31b elementor-widget elementor-widget-eael-progress-bar\" data-id=\"1d5f31b\" data-element_type=\"widget\" data-widget_type=\"eael-progress-bar.default\">\n\t\t\t\t<div class=\"elementor-widget-container\">\n\t\t\t<div class=\"eael-progressbar-line-container center\">\n                <div class=\"eael-progressbar-title\">Rigor cient\u00edfico: enfoque piscol\u00f3gico<\/div>\n\n                <div class=\"eael-progressbar eael-progressbar-line\" data-layout=\"line\" data-count=\"90\" data-duration=\"1500\">\n                    <span class=\"eael-progressbar-count-wrap\"><span class=\"eael-progressbar-count\">0<\/span><span class=\"postfix\">%<\/span><\/span>\n                    <span class=\"eael-progressbar-line-fill\" style=\"-webkit-transition-duration:1500ms;-o-transition-duration:1500ms;transition-duration:1500ms;\"><\/span>\n                <\/div>\n            <\/div>\t\t<\/div>\n\t\t\t\t<\/div>\n\t\t\t\t<div class=\"elementor-element elementor-element-055c415 elementor-widget elementor-widget-eael-progress-bar\" data-id=\"055c415\" data-element_type=\"widget\" data-widget_type=\"eael-progress-bar.default\">\n\t\t\t\t<div class=\"elementor-widget-container\">\n\t\t\t<div class=\"eael-progressbar-line-container center\">\n                <div class=\"eael-progressbar-title\">Comunicaci\u00f3n Eficaz<\/div>\n\n                <div class=\"eael-progressbar eael-progressbar-line\" data-layout=\"line\" data-count=\"85\" data-duration=\"1500\">\n                    <span class=\"eael-progressbar-count-wrap\"><span class=\"eael-progressbar-count\">0<\/span><span class=\"postfix\">%<\/span><\/span>\n                    <span class=\"eael-progressbar-line-fill\" style=\"-webkit-transition-duration:1500ms;-o-transition-duration:1500ms;transition-duration:1500ms;\"><\/span>\n                <\/div>\n            <\/div>\t\t<\/div>\n\t\t\t\t<\/div>\n\t\t\t\t<div class=\"elementor-element elementor-element-63660a9 elementor-widget elementor-widget-eael-progress-bar\" data-id=\"63660a9\" data-element_type=\"widget\" data-widget_type=\"eael-progress-bar.default\">\n\t\t\t\t<div class=\"elementor-widget-container\">\n\t\t\t<div class=\"eael-progressbar-line-container center\">\n                <div class=\"eael-progressbar-title\">Coaching<\/div>\n\n                <div class=\"eael-progressbar eael-progressbar-line\" data-layout=\"line\" data-count=\"90\" data-duration=\"1500\">\n                    <span class=\"eael-progressbar-count-wrap\"><span class=\"eael-progressbar-count\">0<\/span><span class=\"postfix\">%<\/span><\/span>\n                    <span class=\"eael-progressbar-line-fill\" style=\"-webkit-transition-duration:1500ms;-o-transition-duration:1500ms;transition-duration:1500ms;\"><\/span>\n                <\/div>\n            <\/div>\t\t<\/div>\n\t\t\t\t<\/div>\n\t\t\t\t<div class=\"elementor-element elementor-element-6fd1178 elementor-widget elementor-widget-eael-progress-bar\" data-id=\"6fd1178\" data-element_type=\"widget\" data-widget_type=\"eael-progress-bar.default\">\n\t\t\t\t<div class=\"elementor-widget-container\">\n\t\t\t<div class=\"eael-progressbar-line-container center\">\n                <div class=\"eael-progressbar-title\">Atenci\u00f3n Online<\/div>\n\n                <div class=\"eael-progressbar eael-progressbar-line\" data-layout=\"line\" data-count=\"95\" data-duration=\"1500\">\n                    <span class=\"eael-progressbar-count-wrap\"><span class=\"eael-progressbar-count\">0<\/span><span class=\"postfix\">%<\/span><\/span>\n                    <span class=\"eael-progressbar-line-fill\" style=\"-webkit-transition-duration:1500ms;-o-transition-duration:1500ms;transition-duration:1500ms;\"><\/span>\n                <\/div>\n            <\/div>\t\t<\/div>\n\t\t\t\t<\/div>\n\t\t\t\t<div class=\"elementor-element elementor-element-c6303de elementor-widget elementor-widget-eael-progress-bar\" data-id=\"c6303de\" data-element_type=\"widget\" data-widget_type=\"eael-progress-bar.default\">\n\t\t\t\t<div class=\"elementor-widget-container\">\n\t\t\t<div class=\"eael-progressbar-line-container center\">\n                <div class=\"eael-progressbar-title\">Servicio Personalizado<\/div>\n\n                <div class=\"eael-progressbar eael-progressbar-line\" data-layout=\"line\" data-count=\"98\" data-duration=\"1500\">\n                    <span class=\"eael-progressbar-count-wrap\"><span class=\"eael-progressbar-count\">0<\/span><span class=\"postfix\">%<\/span><\/span>\n                    <span class=\"eael-progressbar-line-fill\" style=\"-webkit-transition-duration:1500ms;-o-transition-duration:1500ms;transition-duration:1500ms;\"><\/span>\n                <\/div>\n            <\/div>\t\t<\/div>\n\t\t\t\t<\/div>\n\t\t\t\t<div class=\"elementor-element elementor-element-5fb2080 elementor-widget elementor-widget-spacer\" data-id=\"5fb2080\" data-element_type=\"widget\" data-widget_type=\"spacer.default\">\n\t\t\t\t<div class=\"elementor-widget-container\">\n\t\t\t\t\t<div class=\"elementor-spacer\">\n\t\t\t<div class=\"elementor-spacer-inner\"><\/div>\n\t\t<\/div>\n\t\t\t\t<\/div>\n\t\t\t\t<\/div>\n\t\t\t\t<div class=\"elementor-element elementor-element-8c5becf elementor-widget elementor-widget-heading\" data-id=\"8c5becf\" data-element_type=\"widget\" data-widget_type=\"heading.default\">\n\t\t\t\t<div class=\"elementor-widget-container\">\n\t\t\t<p class=\"elementor-heading-title elementor-size-default\">Mis intereses<\/p>\t\t<\/div>\n\t\t\t\t<\/div>\n\t\t\t\t<div class=\"elementor-element elementor-element-08a79e6 elementor-widget elementor-widget-text-editor\" data-id=\"08a79e6\" data-element_type=\"widget\" data-widget_type=\"text-editor.default\">\n\t\t\t\t<div class=\"elementor-widget-container\">\n\t\t\t\t\t<div class=\"elementor-text-editor elementor-clearfix\"><p>Desde el a\u00f1o 2003 he acompa\u00f1ado a m\u00e1s de 6.000 personas en sus procesos de reflexi\u00f3n y mejora en la forma de pensar y hacer, conduciendo. Dicen de m\u00ed que tengo una maravillosa habilidad para contagiar energ\u00eda en cualquier proyecto en el que me involucro, aunando profesionalidad y cercan\u00eda.<\/p><p>Investigadora incansable, actualmente desarrollo una l\u00ednea de investigaci\u00f3n relacionada con el preocupante h\u00e1bito de consumo de alcohol y conducci\u00f3n que sigue produci\u00e9ndose en Espa\u00f1a, tratando de identificar los sesgos cognitivos relacionados con la estimaci\u00f3n del riesgo que est\u00e1n en la base de esta perjudicial toma de decisi\u00f3n.<\/p><p>Proponiendo l\u00edneas de intervenci\u00f3n que mejoren el factor humano, para contribuir en la ecuaci\u00f3n de una conducci\u00f3n segura y con bienestar.<\/p><\/div>\n\t\t\t\t<\/div>\n\t\t\t\t<\/div>\n\t\t\t\t<div class=\"elementor-element elementor-element-e2710b2 elementor-widget elementor-widget-spacer\" data-id=\"e2710b2\" data-element_type=\"widget\" data-widget_type=\"spacer.default\">\n\t\t\t\t<div class=\"elementor-widget-container\">\n\t\t\t\t\t<div class=\"elementor-spacer\">\n\t\t\t<div class=\"elementor-spacer-inner\"><\/div>\n\t\t<\/div>\n\t\t\t\t<\/div>\n\t\t\t\t<\/div>\n\t\t\t\t<div class=\"elementor-element elementor-element-6e90e99 elementor-widget elementor-widget-heading\" data-id=\"6e90e99\" data-element_type=\"widget\" data-widget_type=\"heading.default\">\n\t\t\t\t<div class=\"elementor-widget-container\">\n\t\t\t<p class=\"elementor-heading-title elementor-size-default\">Mis logros<\/p>\t\t<\/div>\n\t\t\t\t<\/div>\n\t\t\t\t<div class=\"elementor-element elementor-element-ed5425c elementor-widget elementor-widget-text-editor\" data-id=\"ed5425c\" data-element_type=\"widget\" data-widget_type=\"text-editor.default\">\n\t\t\t\t<div class=\"elementor-widget-container\">\n\t\t\t\t\t<div class=\"elementor-text-editor elementor-clearfix\"><div class=\"item-content\"><span class=\"text\">Co-fundadora del Instituto Europeo de Innovaci\u00f3n en Inteligencia Emocional en el a\u00f1o 2019, incorporo la gesti\u00f3n de emociones en la estrategia de entrenamiento e intervenci\u00f3n psicol\u00f3gica para la mejora de la conducci\u00f3n: son nuestras aliadas, pero hemos de aprender a jugar al escondite con ellas.<\/span><\/div><ul><li class=\"item-content\"><span class=\"text\">Colaboradora habitual en campa\u00f1as de concienciaci\u00f3n social para la seguridad vial y voluntaria en causas relacionadas con la mejora de las habilidades de conducci\u00f3n, as\u00ed como en la innovaci\u00f3n de tecnolog\u00edas para una movilidad segura.<\/span><\/li><li>Coordino el grupo de trabajo de Psicolog\u00eda para la sensibilizaci\u00f3n en seguridad vial del Colegio Oficial de la Psicolog\u00eda de Madrid.<\/li><\/ul><\/div>\n\t\t\t\t<\/div>\n\t\t\t\t<\/div>\n\t\t\t\t<div class=\"elementor-element elementor-element-d0fc1a2 elementor-widget elementor-widget-spacer\" data-id=\"d0fc1a2\" data-element_type=\"widget\" data-widget_type=\"spacer.default\">\n\t\t\t\t<div class=\"elementor-widget-container\">\n\t\t\t\t\t<div class=\"elementor-spacer\">\n\t\t\t<div class=\"elementor-spacer-inner\"><\/div>\n\t\t<\/div>\n\t\t\t\t<\/div>\n\t\t\t\t<\/div>\n\t\t\t\t<div class=\"elementor-element elementor-element-10a4bdb elementor-widget elementor-widget-heading\" data-id=\"10a4bdb\" data-element_type=\"widget\" data-widget_type=\"heading.default\">\n\t\t\t\t<div class=\"elementor-widget-container\">\n\t\t\t<p class=\"elementor-heading-title elementor-size-default\">Porque envejecer es signo de vida, se abre el debate sobre la movilidad inclusiva de las personas mayores como conductores o peatones.<\/p>\t\t<\/div>\n\t\t\t\t<\/div>\n\t\t\t\t<div class=\"elementor-element elementor-element-2faf255 elementor-widget elementor-widget-text-editor\" data-id=\"2faf255\" data-element_type=\"widget\" data-widget_type=\"text-editor.default\">\n\t\t\t\t<div class=\"elementor-widget-container\">\n\t\t\t\t\t<div class=\"elementor-text-editor elementor-clearfix\"><p>PONENCIA DE CAMINO_ XIV FORO CONTRA LA VIOLENCIA VIAL STOP ACCIDENTES 2019.<\/p><\/div>\n\t\t\t\t<\/div>\n\t\t\t\t<\/div>\n\t\t\t\t<div class=\"elementor-element elementor-element-264dff8 elementor-aspect-ratio-169 elementor-widget elementor-widget-video\" data-id=\"264dff8\" data-element_type=\"widget\" data-settings=\"{&quot;aspect_ratio&quot;:&quot;169&quot;}\" data-widget_type=\"video.default\">\n\t\t\t\t<div class=\"elementor-widget-container\">\n\t\t\t\t\t<div class=\"elementor-wrapper elementor-fit-aspect-ratio elementor-open-inline\">\n\t\t\t<iframe class=\"elementor-video-iframe\" allowfullscreen title=\"Reproductor de v\u00eddeo youtube\" src=\"https:\/\/www.youtube.com\/embed\/n00ctZmMgvI?feature=oembed&amp;start&amp;end&amp;wmode=opaque&amp;loop=0&amp;controls=1&amp;mute=0&amp;rel=0&amp;modestbranding=0\"><\/iframe>\t\t<\/div>\n\t\t\t\t<\/div>\n\t\t\t\t<\/div>\n\t\t\t\t<div class=\"elementor-element elementor-element-746e80f elementor-widget elementor-widget-spacer\" data-id=\"746e80f\" data-element_type=\"widget\" data-widget_type=\"spacer.default\">\n\t\t\t\t<div class=\"elementor-widget-container\">\n\t\t\t\t\t<div class=\"elementor-spacer\">\n\t\t\t<div class=\"elementor-spacer-inner\"><\/div>\n\t\t<\/div>\n\t\t\t\t<\/div>\n\t\t\t\t<\/div>\n\t\t\t\t<div class=\"elementor-element elementor-element-21de420 elementor-align-left elementor-widget elementor-widget-button\" data-id=\"21de420\" data-element_type=\"widget\" data-widget_type=\"button.default\">\n\t\t\t\t<div class=\"elementor-widget-container\">\n\t\t\t\t\t<div class=\"elementor-button-wrapper\">\n\t\t\t<a href=\"\/index.php\/contacto\/\" class=\"elementor-button-link elementor-button elementor-size-lg\" role=\"button\">\n\t\t\t\t\t\t<span class=\"elementor-button-content-wrapper\">\n\t\t\t\t\t\t<span class=\"elementor-button-text\">CONT\u00c1CTAME<\/span>\n\t\t<\/span>\n\t\t\t\t\t<\/a>\n\t\t<\/div>\n\t\t\t\t<\/div>\n\t\t\t\t<\/div>\n\t\t\t\t\t\t<\/div>\n\t\t\t\t\t<\/div>\n\t\t<\/div>\n\t\t\t\t\t\t\t\t<\/div>\n\t\t\t\t\t<\/div>\n\t\t<\/section>\n\t\t\t\t\t\t<\/div>\n\t\t\t\t\t\t<\/div>\n\t\t\t\t\t<\/div>\n\t\t","protected":false},"excerpt":{"rendered":"<p>DE CERCA Linkedin Realizo mi tesis doctoral en Psicolog\u00eda Social Aplicada a la Seguridad Vial en la UCM, universidad por la que me licenci\u00e9 en 2003. Llevo 13 a\u00f1os impartiendo sesiones grupales en los cursos de recuperaci\u00f3n total de puntos, como psic\u00f3loga-formadora experta en t\u00e9cnicas de sensibilizaci\u00f3n psicol\u00f3gica y estrategias de orientaci\u00f3n al cambio de &#8230; <a title=\"De cerca\" class=\"read-more\" href=\"https:\/\/psicologiavial.com\/index.php\/de-cerca\/\" aria-label=\"M\u00e1s en De cerca\">Leer m\u00e1s<\/a><\/p>\n","protected":false},"author":1,"featured_media":0,"parent":0,"menu_order":0,"comment_status":"closed","ping_status":"closed","template":"elementor_header_footer","meta":[],"yoast_head":"<!-- This site is optimized with the Yoast SEO plugin v15.2.1 - https:\/\/yoast.com\/wordpress\/plugins\/seo\/ -->\n<title>De cerca - Psicolog\u00eda vial<\/title>\n<meta name=\"robots\" content=\"index, follow, max-snippet:-1, max-image-preview:large, max-video-preview:-1\" \/>\n<link rel=\"canonical\" href=\"http:\/\/psicologiavial.com\/index.php\/de-cerca\/\" \/>\n<meta property=\"og:locale\" content=\"es_ES\" \/>\n<meta property=\"og:type\" content=\"article\" \/>\n<meta property=\"og:title\" content=\"De cerca - Psicolog\u00eda vial\" \/>\n<meta property=\"og:description\" content=\"DE CERCA Linkedin Realizo mi tesis doctoral en Psicolog\u00eda Social Aplicada a la Seguridad Vial en la UCM, universidad por la que me licenci\u00e9 en 2003. Llevo 13 a\u00f1os impartiendo sesiones grupales en los cursos de recuperaci\u00f3n total de puntos, como psic\u00f3loga-formadora experta en t\u00e9cnicas de sensibilizaci\u00f3n psicol\u00f3gica y estrategias de orientaci\u00f3n al cambio de ... Leer m\u00e1s\" \/>\n<meta property=\"og:url\" content=\"http:\/\/psicologiavial.com\/index.php\/de-cerca\/\" \/>\n<meta property=\"og:site_name\" content=\"Psicolog\u00eda vial\" \/>\n<meta property=\"article:modified_time\" content=\"2020-10-26T07:03:55+00:00\" \/>\n<meta property=\"og:image\" content=\"http:\/\/psicologiavial.com\/wp-content\/uploads\/elementor\/thumbs\/de-cerca-owuq85ku9a2bxpgrril671uyphpydhjfupmuutc4ug.jpg\" \/>\n<meta name=\"twitter:card\" content=\"summary_large_image\" \/>\n<meta name=\"twitter:label1\" content=\"Escrito por\">\n\t<meta name=\"twitter:data1\" content=\"admin\">\n\t<meta name=\"twitter:label2\" content=\"Tiempo de lectura\">\n\t<meta name=\"twitter:data2\" content=\"2 minutos\">\n<script type=\"application\/ld+json\" class=\"yoast-schema-graph\">{\"@context\":\"https:\/\/schema.org\",\"@graph\":[{\"@type\":\"WebSite\",\"@id\":\"http:\/\/psicologiavial.com\/#website\",\"url\":\"http:\/\/psicologiavial.com\/\",\"name\":\"Psicolog\\u00eda vial\",\"description\":\"Conduce con Psicolog\\u00eda Vial\",\"potentialAction\":[{\"@type\":\"SearchAction\",\"target\":\"http:\/\/psicologiavial.com\/?s={search_term_string}\",\"query-input\":\"required name=search_term_string\"}],\"inLanguage\":\"es\"},{\"@type\":\"ImageObject\",\"@id\":\"http:\/\/psicologiavial.com\/index.php\/de-cerca\/#primaryimage\",\"inLanguage\":\"es\",\"url\":\"http:\/\/psicologiavial.com\/wp-content\/uploads\/elementor\/thumbs\/de-cerca-owuq85ku9a2bxpgrril671uyphpydhjfupmuutc4ug.jpg\"},{\"@type\":\"WebPage\",\"@id\":\"http:\/\/psicologiavial.com\/index.php\/de-cerca\/#webpage\",\"url\":\"http:\/\/psicologiavial.com\/index.php\/de-cerca\/\",\"name\":\"De cerca - Psicolog\\u00eda vial\",\"isPartOf\":{\"@id\":\"http:\/\/psicologiavial.com\/#website\"},\"primaryImageOfPage\":{\"@id\":\"http:\/\/psicologiavial.com\/index.php\/de-cerca\/#primaryimage\"},\"datePublished\":\"2020-10-16T12:10:50+00:00\",\"dateModified\":\"2020-10-26T07:03:55+00:00\",\"inLanguage\":\"es\",\"potentialAction\":[{\"@type\":\"ReadAction\",\"target\":[\"http:\/\/psicologiavial.com\/index.php\/de-cerca\/\"]}]}]}<\/script>\n<!-- \/ Yoast SEO plugin. -->","_links":{"self":[{"href":"https:\/\/psicologiavial.com\/index.php\/wp-json\/wp\/v2\/pages\/433"}],"collection":[{"href":"https:\/\/psicologiavial.com\/index.php\/wp-json\/wp\/v2\/pages"}],"about":[{"href":"https:\/\/psicologiavial.com\/index.php\/wp-json\/wp\/v2\/types\/page"}],"author":[{"embeddable":true,"href":"https:\/\/psicologiavial.com\/index.php\/wp-json\/wp\/v2\/users\/1"}],"replies":[{"embeddable":true,"href":"https:\/\/psicologiavial.com\/index.php\/wp-json\/wp\/v2\/comments?post=433"}],"version-history":[{"count":11,"href":"https:\/\/psicologiavial.com\/index.php\/wp-json\/wp\/v2\/pages\/433\/revisions"}],"predecessor-version":[{"id":647,"href":"https:\/\/psicologiavial.com\/index.php\/wp-json\/wp\/v2\/pages\/433\/revisions\/647"}],"wp:attachment":[{"href":"https:\/\/psicologiavial.com\/index.php\/wp-json\/wp\/v2\/media?parent=433"}],"curies":[{"name":"wp","href":"https:\/\/api.w.org\/{rel}","templated":true}]}}