{"id":168,"date":"2020-10-14T06:04:47","date_gmt":"2020-10-14T06:04:47","guid":{"rendered":"http:\/\/psicologiavial.com\/?page_id=168"},"modified":"2020-10-26T10:48:03","modified_gmt":"2020-10-26T10:48:03","slug":"aviso-legal","status":"publish","type":"page","link":"https:\/\/psicologiavial.com\/index.php\/aviso-legal\/","title":{"rendered":"Aviso legal"},"content":{"rendered":"\t\t<div data-elementor-type=\"wp-page\" data-elementor-id=\"168\" class=\"elementor elementor-168\" data-elementor-settings=\"[]\">\n\t\t\t\t\t\t<div class=\"elementor-inner\">\n\t\t\t\t\t\t\t<div class=\"elementor-section-wrap\">\n\t\t\t\t\t\t\t<section class=\"elementor-section elementor-top-section elementor-element elementor-element-1d09c05 elementor-section-boxed elementor-section-height-default elementor-section-height-default\" data-id=\"1d09c05\" data-element_type=\"section\">\n\t\t\t\t\t\t<div class=\"elementor-container elementor-column-gap-default\">\n\t\t\t\t\t\t\t<div class=\"elementor-row\">\n\t\t\t\t\t<div class=\"elementor-column elementor-col-100 elementor-top-column elementor-element elementor-element-d2189b3\" data-id=\"d2189b3\" data-element_type=\"column\">\n\t\t\t<div class=\"elementor-column-wrap elementor-element-populated\">\n\t\t\t\t\t\t\t<div class=\"elementor-widget-wrap\">\n\t\t\t\t\t\t<div class=\"elementor-element elementor-element-2e767dc elementor-widget elementor-widget-text-editor\" data-id=\"2e767dc\" data-element_type=\"widget\" data-widget_type=\"text-editor.default\">\n\t\t\t\t<div class=\"elementor-widget-container\">\n\t\t\t\t\t<div class=\"elementor-text-editor elementor-clearfix\"><p><span style=\"color: #000000;\"><a style=\"color: #000000;\" href=\"http:\/\/psicologiavial.com\/\">Home<\/a> \/ Aviso legal<\/span><\/p><\/div>\n\t\t\t\t<\/div>\n\t\t\t\t<\/div>\n\t\t\t\t<div class=\"elementor-element elementor-element-380e898 elementor-widget elementor-widget-heading\" data-id=\"380e898\" data-element_type=\"widget\" data-widget_type=\"heading.default\">\n\t\t\t\t<div class=\"elementor-widget-container\">\n\t\t\t<h2 class=\"elementor-heading-title elementor-size-default\">Aviso legal<\/h2>\t\t<\/div>\n\t\t\t\t<\/div>\n\t\t\t\t<div class=\"elementor-element elementor-element-14d1200 elementor-widget-divider--view-line elementor-widget elementor-widget-divider\" data-id=\"14d1200\" data-element_type=\"widget\" data-widget_type=\"divider.default\">\n\t\t\t\t<div class=\"elementor-widget-container\">\n\t\t\t\t\t<div class=\"elementor-divider\">\n\t\t\t<span class=\"elementor-divider-separator\">\n\t\t\t\t\t\t<\/span>\n\t\t<\/div>\n\t\t\t\t<\/div>\n\t\t\t\t<\/div>\n\t\t\t\t\t\t<\/div>\n\t\t\t\t\t<\/div>\n\t\t<\/div>\n\t\t\t\t\t\t\t\t<\/div>\n\t\t\t\t\t<\/div>\n\t\t<\/section>\n\t\t\t\t<section class=\"elementor-section elementor-top-section elementor-element elementor-element-85b98b3 elementor-section-boxed elementor-section-height-default elementor-section-height-default\" data-id=\"85b98b3\" data-element_type=\"section\">\n\t\t\t\t\t\t<div class=\"elementor-container elementor-column-gap-default\">\n\t\t\t\t\t\t\t<div class=\"elementor-row\">\n\t\t\t\t\t<div class=\"elementor-column elementor-col-100 elementor-top-column elementor-element elementor-element-e874ab1\" data-id=\"e874ab1\" data-element_type=\"column\">\n\t\t\t<div class=\"elementor-column-wrap elementor-element-populated\">\n\t\t\t\t\t\t\t<div class=\"elementor-widget-wrap\">\n\t\t\t\t\t\t<div class=\"elementor-element elementor-element-d7037b7 elementor-widget elementor-widget-text-editor\" data-id=\"d7037b7\" data-element_type=\"widget\" data-widget_type=\"text-editor.default\">\n\t\t\t\t<div class=\"elementor-widget-container\">\n\t\t\t\t\t<div class=\"elementor-text-editor elementor-clearfix\"><div id=\"page-content\" class=\"col-md-12 col-sm-12 col-xs-12 slz-content-column\"><div class=\"page-detail-wrapper\"><div class=\"entry-content\"><p>Te doy la bienvenida a mi web especializada en servicios de entrenamiento<br \/>psicol\u00f3gico para la mejora de la conducci\u00f3n.<br \/>Recuerda que este es un espacio profesional, comprometido con los derechos de<br \/>todas las personas que se relacionan con esta web.<br \/>Datos del Responsable<br \/>\u25cf Identidad del Responsable:\u00a0CAMINO, VERDUGO REINO<br \/>\u25cf NIF\/CIF: 53024461 P<br \/>\u25cf Titulaci\u00f3n: Lic. Psicolog\u00eda, DEA Sociolog\u00eda, Doctoranda Psi. Social Aplicada<br \/>Universidad: COMPLUTENSE N\u00famero de colegiado: M-18850<br \/>\u25cf Direcci\u00f3n: C\/ HILADOS 5, 5B IZ., 28850, Torrej\u00f3n de Ardoz<br \/>\u25cf Correo electr\u00f3nico:\u00a0 pd@psicologiavial.com<br \/>CAMINO, VERDUGO REINO como responsable de esta web, asume el<br \/>compromiso de procesar la informaci\u00f3n de usuarios y clientes con plenas<br \/>garant\u00edas y cumplir con los requisitos nacionales y europeos que regulan la<br \/>recopilaci\u00f3n y uso de los datos personales de los usuarios que visiten esta web.<br \/>Esta web, por tanto, cumple rigurosamente con la Ley Org\u00e1nica 3\/2018, de 5 de<br \/>diciembre, de Protecci\u00f3n de Datos Personales y garant\u00eda de los derechos digitales<br \/>(LOPDGDD). Cumple tambi\u00e9n con el Reglamento (UE) 2016\/679 del Parlamento<br \/>Europeo y del Consejo de 27 de abril de 2016 relativo a la protecci\u00f3n de las<br \/>personas f\u00edsicas (RGPD), as\u00ed como con la Ley 34\/2002, de 11 de julio, de Servicios<br \/>de la Sociedad de la Informaci\u00f3n y Comercio Electr\u00f3nico (LSSICE o LSSI).<\/p><p>Condiciones generales de uso<\/p><p>Las presentes Condiciones Generales regulan el uso (incluyendo el mero acceso)<br \/>de las p\u00e1ginas de web, integrantes del sitio web de CAMINO, VERDUGO REINO,<br \/>incluidos los contenidos y servicios puestos a disposici\u00f3n en ellas. Toda persona<br \/>que acceda a la web, psicologiavial.com (\u201cusuario\u201d) acepta someterse a las<br \/>Condiciones Generales vigentes en cada momento del portal: psicologiavial.com<br \/>Datos personales que recabamos<br \/>Leer Pol\u00edtica de Privacidad&amp;quot; (poner link).<\/p><p>Compromisos y obligaciones de los usuarios<br \/>El usuario queda informado, y acepta, que el acceso a la presente web no supone,<br \/>en modo alguno, el inicio de una relaci\u00f3n comercial con CAMINO, VERDUGO<br \/>REINO. De esta forma, el usuario se compromete a utilizar el sitio web, sus<br \/>servicios y contenidos sin contravenir la legislaci\u00f3n vigente, la buena fe y el orden<br \/>p\u00fablico.<br \/>Queda prohibido el uso de la web, con fines il\u00edcitos o lesivos, o que, de cualquier<br \/>forma, puedan causar perjuicio o impedir el normal funcionamiento del sitio web.<br \/>Respecto de los contenidos de esta web, se proh\u00edbe:<br \/>\u25cf Su reproducci\u00f3n, distribuci\u00f3n o modificaci\u00f3n, total o parcial, a menos que<br \/>se cuente con mi autorizaci\u00f3n como leg\u00edtimo titular;<br \/>\u25cf Cualquier vulneraci\u00f3n de los derechos del responsable de esta web, es<br \/>decir como CAMINO, VERDUGO REINO como leg\u00edtimo titular;<br \/>\u25cf Su utilizaci\u00f3n para fines comerciales o publicitarios.<br \/>En la utilizaci\u00f3n de la web, psicologiavial.com, el usuario se compromete a no<br \/>llevar a cabo ninguna conducta que pudiera da\u00f1ar la imagen, los intereses y los<br \/>derechos de CAMINO, VERDUGO REINO, o de terceros o que pudiera da\u00f1ar,<br \/>inutilizar o sobrecargar el portal: psicologiavial.com lo que impidiera, de<br \/>cualquier forma, la normal utilizaci\u00f3n de la web.<br \/>No obstante, el usuario debe ser consciente de que las medidas de seguridad de<br \/>los sistemas inform\u00e1ticos en Internet no son enteramente fiables y que, por tanto<br \/>psicologiavial.com , no puede garantizar la inexistencia de malware u otros<br \/>elementos que puedan producir alteraciones en los sistemas inform\u00e1ticos<br \/>(software y hardware) del usuario o en sus documentos electr\u00f3nicos y ficheros<br \/>contenidos en los mismos aunque pongo todos los medios necesarios y las<br \/>medidas de seguridad oportunas para evitar la presencia de estos elementos<br \/>da\u00f1inos.<br \/>Medidas de seguridad<br \/>Los datos personales comunicados por el usuario a CAMINO, VERDUGO REINO<br \/>almacenados en bases de datos automatizadas o no, cuya titularidad corresponde<br \/>en exclusiva a CAMINO, VERDUGO REINO asumiendo \u00e9sta todas las medidas<br \/>de \u00edndole t\u00e9cnica, organizativa y de seguridad que garantizan la confidencialidad,<br \/>integridad y calidad de la informaci\u00f3n contenida en las mismas de acuerdo con lo<br \/>establecido en la normativa vigente en protecci\u00f3n de datos.<br \/>Plataforma de resoluci\u00f3n de conflictos<\/p><p>Pongo tambi\u00e9n a disposici\u00f3n de los usuarios la plataforma de resoluci\u00f3n de litigios<br \/>que facilita la Comisi\u00f3n Europea y que se encuentra disponible en el siguiente<br \/>enlace: http:\/\/ec.europa.eu\/consumers\/odr\/<br \/>Derechos de propiedad intelectual e industrial<\/p><p>En virtud de lo dispuesto en los art\u00edculos 8 y 32.1, p\u00e1rrafo segundo, de la Ley de<br \/>Propiedad Intelectual, quedan expresamente prohibidas la reproducci\u00f3n, la<br \/>distribuci\u00f3n y la comunicaci\u00f3n p\u00fablica, incluida su modalidad de puesta a<br \/>disposici\u00f3n, de la totalidad o parte de los contenidos de esta p\u00e1gina web, con fines<br \/>comerciales, en cualquier soporte y por cualquier medio t\u00e9cnico, sin la<br \/>autorizaci\u00f3n de CAMINO, VERDUGO REINO El usuario se compromete a<br \/>respetar los derechos de Propiedad Intelectual e Industrial titularidad de<br \/>CAMINO, VERDUGO REINO.<br \/>El usuario conoce y acepta que la totalidad del sitio web, conteniendo sin car\u00e1cter<br \/>exhaustivo el texto, software, contenidos (incluyendo estructura, selecci\u00f3n,<br \/>ordenaci\u00f3n y presentaci\u00f3n de los mismos) podcast, fotograf\u00edas, material<br \/>audiovisual y gr\u00e1ficos, est\u00e1 protegida por marcas, derechos de autor y otros<br \/>derechos leg\u00edtimos, de acuerdo con los tratados internacionales en los que Espa\u00f1a<br \/>es parte y otros derechos de propiedad y leyes de Espa\u00f1a.<br \/>En el caso de que un usuario o un tercero consideren que se ha producido una<br \/>violaci\u00f3n de sus leg\u00edtimos derechos de propiedad intelectual por la introducci\u00f3n<br \/>de un determinado contenido en la web,\u00a0deber\u00e1 notificar dicha circunstancia a<br \/>CAMINO, VERDUGO REINO,\u00a0indicando:<br \/>\u25cf Datos personales del interesado titular de los derechos presuntamente<br \/>infringidos, o indicar la representaci\u00f3n con la que act\u00faa en caso de que la<br \/>reclamaci\u00f3n la presente un tercero distinto del interesado.<br \/>\u25cf Se\u00f1alar los contenidos protegidos por los derechos de propiedad<br \/>intelectual y su ubicaci\u00f3n en la web, la acreditaci\u00f3n de los derechos de<br \/>propiedad intelectual se\u00f1alados y declaraci\u00f3n expresa en la que el<br \/>interesado se responsabiliza de la veracidad de las informaciones<br \/>facilitadas en la notificaci\u00f3n.<\/p><p>Exclusi\u00f3n de garant\u00edas y responsable<br \/>CAMINO, VERDUGO REINO, no otorga ninguna garant\u00eda ni se hace responsable,<br \/>en ning\u00fan caso, de los da\u00f1os y perjuicios de cualquier naturaleza que pudieran<br \/>traer causa de:<br \/>\u25cf La falta de disponibilidad, mantenimiento y efectivo funcionamiento de la<br \/>web,\u00a0o de sus servicios y contenidos;<\/p><p>\u25cf La existencia de malware, programas maliciosos o lesivos en los<br \/>contenidos;<br \/>\u25cf El uso il\u00edcito, negligente, fraudulento o contrario a este Aviso Legal;<br \/>\u25cf La falta de licitud, calidad, fiabilidad, utilidad y disponibilidad de los<br \/>servicios prestados por terceros y puestos a disposici\u00f3n de los usuarios en<br \/>el sitio web.<br \/>\u25cf El prestador no se hace responsable bajo ning\u00fan concepto de los da\u00f1os que<br \/>pudieran dimanar del uso ilegal o indebido de la presente p\u00e1gina web.<\/p><p>Ley aplicable y jurisdicci\u00f3n<br \/>Con car\u00e1cter general las relaciones entre CAMINO, VERDUGO REINO, con los<br \/>usuarios de sus servicios telem\u00e1ticos, presentes en esta web se encuentran<br \/>sometidas a la legislaci\u00f3n y jurisdicci\u00f3n espa\u00f1olas y a los tribunales del domicilio<br \/>del cliente.<br \/>Contacto<\/p><p>En caso de que cualquier usuario tuviese alguna duda acerca de estas Condiciones<br \/>legales o cualquier comentario sobre el portal: psicologiavial.com por favor<br \/>dir\u00edjase a: pd@psicologiavial.com<br \/>El aviso legal ha sido actualizado por \u00faltima vez el 01\/06\/2020<\/p><\/div><footer class=\"entry-footer\"><\/footer><\/div><\/div><\/div>\n\t\t\t\t<\/div>\n\t\t\t\t<\/div>\n\t\t\t\t\t\t<\/div>\n\t\t\t\t\t<\/div>\n\t\t<\/div>\n\t\t\t\t\t\t\t\t<\/div>\n\t\t\t\t\t<\/div>\n\t\t<\/section>\n\t\t\t\t\t\t<\/div>\n\t\t\t\t\t\t<\/div>\n\t\t\t\t\t<\/div>\n\t\t","protected":false},"excerpt":{"rendered":"<p>Home \/ Aviso legal Aviso legal Te doy la bienvenida a mi web especializada en servicios de entrenamientopsicol\u00f3gico para la mejora de la conducci\u00f3n.Recuerda que este es un espacio profesional, comprometido con los derechos detodas las personas que se relacionan con esta web.Datos del Responsable\u25cf Identidad del Responsable:\u00a0CAMINO, VERDUGO REINO\u25cf NIF\/CIF: 53024461 P\u25cf Titulaci\u00f3n: Lic. &#8230; <a title=\"Aviso legal\" class=\"read-more\" href=\"https:\/\/psicologiavial.com\/index.php\/aviso-legal\/\" aria-label=\"M\u00e1s en Aviso legal\">Leer m\u00e1s<\/a><\/p>\n","protected":false},"author":1,"featured_media":0,"parent":0,"menu_order":0,"comment_status":"closed","ping_status":"closed","template":"elementor_header_footer","meta":[],"yoast_head":"<!-- This site is optimized with the Yoast SEO plugin v15.2.1 - https:\/\/yoast.com\/wordpress\/plugins\/seo\/ -->\n<title>Aviso legal - Psicolog\u00eda vial<\/title>\n<meta name=\"robots\" content=\"index, follow, max-snippet:-1, max-image-preview:large, max-video-preview:-1\" \/>\n<link rel=\"canonical\" href=\"http:\/\/psicologiavial.com\/index.php\/aviso-legal\/\" \/>\n<meta property=\"og:locale\" content=\"es_ES\" \/>\n<meta property=\"og:type\" content=\"article\" \/>\n<meta property=\"og:title\" content=\"Aviso legal - Psicolog\u00eda vial\" \/>\n<meta property=\"og:description\" content=\"Home \/ Aviso legal Aviso legal Te doy la bienvenida a mi web especializada en servicios de entrenamientopsicol\u00f3gico para la mejora de la conducci\u00f3n.Recuerda que este es un espacio profesional, comprometido con los derechos detodas las personas que se relacionan con esta web.Datos del Responsable\u25cf Identidad del Responsable:\u00a0CAMINO, VERDUGO REINO\u25cf NIF\/CIF: 53024461 P\u25cf Titulaci\u00f3n: Lic. ... Leer m\u00e1s\" \/>\n<meta property=\"og:url\" content=\"http:\/\/psicologiavial.com\/index.php\/aviso-legal\/\" \/>\n<meta property=\"og:site_name\" content=\"Psicolog\u00eda vial\" \/>\n<meta property=\"article:modified_time\" content=\"2020-10-26T10:48:03+00:00\" \/>\n<meta name=\"twitter:card\" content=\"summary_large_image\" \/>\n<meta name=\"twitter:label1\" content=\"Escrito por\">\n\t<meta name=\"twitter:data1\" content=\"admin\">\n\t<meta name=\"twitter:label2\" content=\"Tiempo de lectura\">\n\t<meta name=\"twitter:data2\" content=\"5 minutos\">\n<script type=\"application\/ld+json\" class=\"yoast-schema-graph\">{\"@context\":\"https:\/\/schema.org\",\"@graph\":[{\"@type\":\"WebSite\",\"@id\":\"http:\/\/psicologiavial.com\/#website\",\"url\":\"http:\/\/psicologiavial.com\/\",\"name\":\"Psicolog\\u00eda vial\",\"description\":\"Conduce con Psicolog\\u00eda Vial\",\"potentialAction\":[{\"@type\":\"SearchAction\",\"target\":\"http:\/\/psicologiavial.com\/?s={search_term_string}\",\"query-input\":\"required name=search_term_string\"}],\"inLanguage\":\"es\"},{\"@type\":\"WebPage\",\"@id\":\"http:\/\/psicologiavial.com\/index.php\/aviso-legal\/#webpage\",\"url\":\"http:\/\/psicologiavial.com\/index.php\/aviso-legal\/\",\"name\":\"Aviso legal - Psicolog\\u00eda vial\",\"isPartOf\":{\"@id\":\"http:\/\/psicologiavial.com\/#website\"},\"datePublished\":\"2020-10-14T06:04:47+00:00\",\"dateModified\":\"2020-10-26T10:48:03+00:00\",\"inLanguage\":\"es\",\"potentialAction\":[{\"@type\":\"ReadAction\",\"target\":[\"http:\/\/psicologiavial.com\/index.php\/aviso-legal\/\"]}]}]}<\/script>\n<!-- \/ Yoast SEO plugin. -->","_links":{"self":[{"href":"https:\/\/psicologiavial.com\/index.php\/wp-json\/wp\/v2\/pages\/168"}],"collection":[{"href":"https:\/\/psicologiavial.com\/index.php\/wp-json\/wp\/v2\/pages"}],"about":[{"href":"https:\/\/psicologiavial.com\/index.php\/wp-json\/wp\/v2\/types\/page"}],"author":[{"embeddable":true,"href":"https:\/\/psicologiavial.com\/index.php\/wp-json\/wp\/v2\/users\/1"}],"replies":[{"embeddable":true,"href":"https:\/\/psicologiavial.com\/index.php\/wp-json\/wp\/v2\/comments?post=168"}],"version-history":[{"count":4,"href":"https:\/\/psicologiavial.com\/index.php\/wp-json\/wp\/v2\/pages\/168\/revisions"}],"predecessor-version":[{"id":675,"href":"https:\/\/psicologiavial.com\/index.php\/wp-json\/wp\/v2\/pages\/168\/revisions\/675"}],"wp:attachment":[{"href":"https:\/\/psicologiavial.com\/index.php\/wp-json\/wp\/v2\/media?parent=168"}],"curies":[{"name":"wp","href":"https:\/\/api.w.org\/{rel}","templated":true}]}}