{"id":165,"date":"2020-10-14T06:03:38","date_gmt":"2020-10-14T06:03:38","guid":{"rendered":"http:\/\/psicologiavial.com\/?page_id=165"},"modified":"2020-10-26T11:14:18","modified_gmt":"2020-10-26T11:14:18","slug":"politica-de-cookies","status":"publish","type":"page","link":"https:\/\/psicologiavial.com\/index.php\/politica-de-cookies\/","title":{"rendered":"Pol\u00edtica de cookies"},"content":{"rendered":"\t\t<div data-elementor-type=\"wp-page\" data-elementor-id=\"165\" class=\"elementor elementor-165\" data-elementor-settings=\"[]\">\n\t\t\t\t\t\t<div class=\"elementor-inner\">\n\t\t\t\t\t\t\t<div class=\"elementor-section-wrap\">\n\t\t\t\t\t\t\t<section class=\"elementor-section elementor-top-section elementor-element elementor-element-5f94be7 elementor-section-boxed elementor-section-height-default elementor-section-height-default\" data-id=\"5f94be7\" data-element_type=\"section\">\n\t\t\t\t\t\t<div class=\"elementor-container elementor-column-gap-default\">\n\t\t\t\t\t\t\t<div class=\"elementor-row\">\n\t\t\t\t\t<div class=\"elementor-column elementor-col-100 elementor-top-column elementor-element elementor-element-54fde5f\" data-id=\"54fde5f\" data-element_type=\"column\">\n\t\t\t<div class=\"elementor-column-wrap elementor-element-populated\">\n\t\t\t\t\t\t\t<div class=\"elementor-widget-wrap\">\n\t\t\t\t\t\t<div class=\"elementor-element elementor-element-eae87bc elementor-widget elementor-widget-text-editor\" data-id=\"eae87bc\" data-element_type=\"widget\" data-widget_type=\"text-editor.default\">\n\t\t\t\t<div class=\"elementor-widget-container\">\n\t\t\t\t\t<div class=\"elementor-text-editor elementor-clearfix\"><p><span style=\"color: #000000;\"><a style=\"color: #000000;\" href=\"http:\/\/psicologiavial.com\/\">Home<\/a> \/ Pol\u00edtica de cookies<\/span><\/p><\/div>\n\t\t\t\t<\/div>\n\t\t\t\t<\/div>\n\t\t\t\t<div class=\"elementor-element elementor-element-d8bc96c elementor-widget elementor-widget-heading\" data-id=\"d8bc96c\" data-element_type=\"widget\" data-widget_type=\"heading.default\">\n\t\t\t\t<div class=\"elementor-widget-container\">\n\t\t\t<h2 class=\"elementor-heading-title elementor-size-default\">Pol\u00edtica de cookies<\/h2>\t\t<\/div>\n\t\t\t\t<\/div>\n\t\t\t\t<div class=\"elementor-element elementor-element-0484d06 elementor-widget-divider--view-line elementor-widget elementor-widget-divider\" data-id=\"0484d06\" data-element_type=\"widget\" data-widget_type=\"divider.default\">\n\t\t\t\t<div class=\"elementor-widget-container\">\n\t\t\t\t\t<div class=\"elementor-divider\">\n\t\t\t<span class=\"elementor-divider-separator\">\n\t\t\t\t\t\t<\/span>\n\t\t<\/div>\n\t\t\t\t<\/div>\n\t\t\t\t<\/div>\n\t\t\t\t\t\t<\/div>\n\t\t\t\t\t<\/div>\n\t\t<\/div>\n\t\t\t\t\t\t\t\t<\/div>\n\t\t\t\t\t<\/div>\n\t\t<\/section>\n\t\t\t\t<section class=\"elementor-section elementor-top-section elementor-element elementor-element-85b98b3 elementor-section-boxed elementor-section-height-default elementor-section-height-default\" data-id=\"85b98b3\" data-element_type=\"section\">\n\t\t\t\t\t\t<div class=\"elementor-container elementor-column-gap-default\">\n\t\t\t\t\t\t\t<div class=\"elementor-row\">\n\t\t\t\t\t<div class=\"elementor-column elementor-col-100 elementor-top-column elementor-element elementor-element-e874ab1\" data-id=\"e874ab1\" data-element_type=\"column\">\n\t\t\t<div class=\"elementor-column-wrap elementor-element-populated\">\n\t\t\t\t\t\t\t<div class=\"elementor-widget-wrap\">\n\t\t\t\t\t\t<div class=\"elementor-element elementor-element-d7037b7 elementor-widget elementor-widget-text-editor\" data-id=\"d7037b7\" data-element_type=\"widget\" data-widget_type=\"text-editor.default\">\n\t\t\t\t<div class=\"elementor-widget-container\">\n\t\t\t\t\t<div class=\"elementor-text-editor elementor-clearfix\"><div id=\"page-content\" class=\"col-md-12 col-sm-12 col-xs-12 slz-content-column\"><div class=\"page-detail-wrapper\"><div class=\"entry-content\"><p>En esta web recopilamos y utilizamos la informaci\u00f3n seg\u00fan indicamos en nuestra<br \/>pol\u00edtica de privacidad. Una de las formas en las que recopilamos informaci\u00f3n es a<br \/>trav\u00e9s del uso de la tecnolog\u00eda llamada \u201ccookies\u201d. En psicologiavial.com utilizamos<br \/>cookies para varias cosas.<br \/>Las cookies de esta web nunca ir\u00e1n asociadas a ning\u00fan dato de car\u00e1cter personal<br \/>que pueda identificarle. Estas cookies s\u00f3lo ser\u00e1n utilizadas con prop\u00f3sitos<br \/>estad\u00edsticos que ayuden a la optimizaci\u00f3n de la experiencia de los Usuarios en el<br \/>sitio.<br \/>Tipos de cookies utilizadas<br \/>Este Web utiliza tanto cookies temporales de sesi\u00f3n como cookies permanentes.<br \/>Las cookies de sesi\u00f3n almacenan datos \u00fanicamente mientras el usuario accede al<br \/>Web y las cookies permanentes almacenan los datos en el terminal para que sean<br \/>accedidos y utilizados en m\u00e1s de una sesi\u00f3n.<br \/>\u00bfQu\u00e9 es una cookie?<br \/>Una \u201ccookie\u201d es una peque\u00f1a cantidad de texto que se almacena en tu navegador<br \/>(como Chrome de Google o Safari de Apple) cuando navegas por la mayor\u00eda de los<br \/>sitios web.<br \/>\u00bfQu\u00e9 NO es una cookie?<\/p><p>No es un virus, ni un troyano, ni un gusano, ni spam, ni spyware, ni abre ventanas<br \/>pop-up.<\/p><p>\u00bfQu\u00e9 informaci\u00f3n almacena una cookie?<\/p><p>Las cookies no suelen almacenar informaci\u00f3n sensible sobre usted, como tarjetas<br \/>de cr\u00e9dito o datos bancarios, fotograf\u00edas o informaci\u00f3n personal, etc. Los datos<br \/>que guardan son de car\u00e1cter t\u00e9cnico, estad\u00edsticos, preferencias personales,<br \/>personalizaci\u00f3n de contenidos, etc.<\/p><p>El servidor web no le asocia a usted como persona sino a su navegador web. De<br \/>hecho, si usted navega habitualmente con el navegador Chrome y prueba a<br \/>navegar por la misma web con el navegador Firefox, ver\u00e1 que la web no se da<br \/>cuenta que es usted la misma persona porque en realidad est\u00e1 asociando la<br \/>informaci\u00f3n al navegador, no a la persona.<br \/>\u00bfQu\u00e9 tipo de cookies existen?<\/p><p>\u25cf Cookies t\u00e9cnicas:\u00a0Son las m\u00e1s elementales y permiten, entre otras cosas,<br \/>saber cu\u00e1ndo est\u00e1 navegando un humano o una aplicaci\u00f3n automatizada,<br \/>cu\u00e1ndo navega un usuario an\u00f3nimo y uno registrado, tareas b\u00e1sicas para el<br \/>funcionamiento de cualquier web din\u00e1mica. Por ejemplo, controlar el<br \/>tr\u00e1fico y la comunicaci\u00f3n de datos, identificar la sesi\u00f3n, acceder a las partes<br \/>Web de acceso restringido, recordar los elementos que integran un pedido,<br \/>realizar la solicitud de inscripci\u00f3n o participaci\u00f3n en un evento, utilizar<br \/>elementos de seguridad durante la navegaci\u00f3n y almacenar contenidos<br \/>para la difusi\u00f3n de videos o sonido.<br \/>\u25cf Cookies de an\u00e1lisis:\u00a0Recogen informaci\u00f3n sobre el tipo de navegaci\u00f3n que<br \/>est\u00e1 realizando, las secciones que m\u00e1s utiliza, productos consultados,<br \/>franja horaria de uso, idioma, etc.<br \/>\u25cf Cookies de personalizaci\u00f3n: Son aqu\u00e9llas que permiten al usuario acceder<br \/>al servicio con algunas caracter\u00edsticas de car\u00e1cter general predefinidas en<br \/>su terminal o que el propio usuario defina. Por ejemplo, el idioma, el tipo de<br \/>navegador a trav\u00e9s del cual accede al servicio, el dise\u00f1o de contenidos<br \/>seleccionado, geolocalizaci\u00f3n del terminal y la configuraci\u00f3n regional<br \/>desde donde se accede al servicio.<br \/>\u25cf Cookies publicitarias:\u00a0Son aqu\u00e9llas que permiten la gesti\u00f3n eficaz de los<br \/>espacios publicitarios que se han incluido en la p\u00e1gina Web o aplicaci\u00f3n<br \/>desde la que se presta el servicio. Permiten adecuar el contenido de la<br \/>publicidad para que esta sea relevante para el usuario y para evitar<br \/>mostrar anuncios que el usuario ya haya visto. Muestran publicidad en<br \/>funci\u00f3n de su navegaci\u00f3n, su pa\u00eds de procedencia, idioma, etc.<\/p><p>Cookies aceptadas por la normativa y cookies<br \/>exceptuadas<br \/>Seg\u00fan la directiva de la UE, las cookies que requieren el consentimiento<br \/>informado por parte del usuario son las cookies de anal\u00edtica y las de publicidad,<br \/>quedando exceptuadas las de car\u00e1cter t\u00e9cnico y las necesarias para el<br \/>funcionamiento del sitio web o la prestaci\u00f3n de servicios expresamente<br \/>solicitados por el usuario.<\/p><p>\u00bfQu\u00e9 cookies utiliza esta web?<br \/>Esta web utiliza cookies propias y de terceros. En este sitio web se utilizan las<br \/>siguientes cookies que se detallan a continuaci\u00f3n<br \/>Cookies propias:<br \/>Inicio de sesi\u00f3n:\u00a0Las cookies para iniciar sesi\u00f3n te permiten entrar y salir de tu<br \/>cuenta de Psicologiavial.com<\/p><p>Seguridad:\u00a0Utilizamos cookies para evitarte riesgos de seguridad. Principalmente<br \/>para detectar cu\u00e1ndo alguien est\u00e1 intentando piratear tu cuenta de<br \/>Psicologiavial.com<\/p><p>Cookies de terceros<br \/>Esta web utiliza servicios de an\u00e1lisis, concretamente, Google Analytics para<br \/>ayudar a la web a analizar el uso que hacen los usuarios del sitio web y mejorar la<br \/>usabilidad del mismo, pero en ning\u00fan caso se asocian a datos que pudieran llegar a<br \/>identificar al usuario. Google Analytics, es un servicio anal\u00edtico de web prestado<br \/>por Google, Inc.<\/p><p>C\u00f3mo controlar las cookies<br \/>La mayor\u00eda de los navegadores permite a los usuarios controlar las cookies<br \/>mediante las preferencias de configuraci\u00f3n, es posible que se resienta la<br \/>experiencia general de uso, ya que no ser\u00e1 una experiencia personalizada.<br \/>Tambi\u00e9n puede que no sea posible guardar valores de configuraci\u00f3n<br \/>personalizados como la informaci\u00f3n de inicio de sesi\u00f3n.<br \/>Proporcionamos los enlaces necesarios para configurar las opciones respecto a<br \/>las cookies en cada navegador:<\/p><p>\u25cf Google Chrome<br \/>\u25cf Internet Explorer<br \/>\u25cf Mozilla Firefox<br \/>\u25cf Safari (versi\u00f3n escritorio)<br \/>\u25cf Safari (versi\u00f3n m\u00f3vil)<br \/>\u25cf Navegador Android<br \/>\u25cf Opera<br \/>\u25cf Opera (versi\u00f3n m\u00f3vil)<br \/>M\u00e1s informaci\u00f3n sobre las cookies<\/p><p>Puedes consultar el reglamento sobre cookies publicado por la Agencia Espa\u00f1ola<br \/>de Protecci\u00f3n de Datos en su \u201cGu\u00eda sobre el uso de las cookies\u201d y \u00a0obtener m\u00e1s<br \/>informaci\u00f3n sobre las cookies en Internet, http:\/\/www.aboutcookies.org\/<br \/>Si desea tener un mayor control sobre la instalaci\u00f3n de cookies, puede instalar<br \/>programas o complementos a su navegador, conocidos como herramientas de \u201cDo<br \/>Not Track\u201d, que le permitir\u00e1n escoger aquellas cookies que desea permitir.<br \/>Esta pol\u00edtica de cookies ha sido actualizada por \u00faltima vez el 03 de abril de 2020<\/p><p>Texto pop-ups advertencia cookies anal\u00edticas<br \/>Utilizamos cookies propias y de terceros para ofrecerte una mejor experiencia de<br \/>navegaci\u00f3n, analizar el tr\u00e1fico del sitio. M\u00e1s informaci\u00f3n sobre las cookies y c\u00f3mo<br \/>puedes Gestionarlas (poner enlace) .<br \/>acepto- rechazo.<\/p><\/div><footer class=\"entry-footer\"><\/footer><\/div><\/div><\/div>\n\t\t\t\t<\/div>\n\t\t\t\t<\/div>\n\t\t\t\t\t\t<\/div>\n\t\t\t\t\t<\/div>\n\t\t<\/div>\n\t\t\t\t\t\t\t\t<\/div>\n\t\t\t\t\t<\/div>\n\t\t<\/section>\n\t\t\t\t\t\t<\/div>\n\t\t\t\t\t\t<\/div>\n\t\t\t\t\t<\/div>\n\t\t","protected":false},"excerpt":{"rendered":"<p>Home \/ Pol\u00edtica de cookies Pol\u00edtica de cookies En esta web recopilamos y utilizamos la informaci\u00f3n seg\u00fan indicamos en nuestrapol\u00edtica de privacidad. Una de las formas en las que recopilamos informaci\u00f3n es atrav\u00e9s del uso de la tecnolog\u00eda llamada \u201ccookies\u201d. En psicologiavial.com utilizamoscookies para varias cosas.Las cookies de esta web nunca ir\u00e1n asociadas a ning\u00fan &#8230; <a title=\"Pol\u00edtica de cookies\" class=\"read-more\" href=\"https:\/\/psicologiavial.com\/index.php\/politica-de-cookies\/\" aria-label=\"M\u00e1s en Pol\u00edtica de cookies\">Leer m\u00e1s<\/a><\/p>\n","protected":false},"author":1,"featured_media":0,"parent":0,"menu_order":0,"comment_status":"closed","ping_status":"closed","template":"elementor_header_footer","meta":[],"yoast_head":"<!-- This site is optimized with the Yoast SEO plugin v15.2.1 - https:\/\/yoast.com\/wordpress\/plugins\/seo\/ -->\n<title>Pol\u00edtica de cookies - Psicolog\u00eda vial<\/title>\n<meta name=\"robots\" content=\"index, follow, max-snippet:-1, max-image-preview:large, max-video-preview:-1\" \/>\n<link rel=\"canonical\" href=\"http:\/\/psicologiavial.com\/index.php\/politica-de-cookies\/\" \/>\n<meta property=\"og:locale\" content=\"es_ES\" \/>\n<meta property=\"og:type\" content=\"article\" \/>\n<meta property=\"og:title\" content=\"Pol\u00edtica de cookies - Psicolog\u00eda vial\" \/>\n<meta property=\"og:description\" content=\"Home \/ Pol\u00edtica de cookies Pol\u00edtica de cookies En esta web recopilamos y utilizamos la informaci\u00f3n seg\u00fan indicamos en nuestrapol\u00edtica de privacidad. Una de las formas en las que recopilamos informaci\u00f3n es atrav\u00e9s del uso de la tecnolog\u00eda llamada \u201ccookies\u201d. En psicologiavial.com utilizamoscookies para varias cosas.Las cookies de esta web nunca ir\u00e1n asociadas a ning\u00fan ... Leer m\u00e1s\" \/>\n<meta property=\"og:url\" content=\"http:\/\/psicologiavial.com\/index.php\/politica-de-cookies\/\" \/>\n<meta property=\"og:site_name\" content=\"Psicolog\u00eda vial\" \/>\n<meta property=\"article:modified_time\" content=\"2020-10-26T11:14:18+00:00\" \/>\n<meta name=\"twitter:card\" content=\"summary_large_image\" \/>\n<meta name=\"twitter:label1\" content=\"Escrito por\">\n\t<meta name=\"twitter:data1\" content=\"admin\">\n\t<meta name=\"twitter:label2\" content=\"Tiempo de lectura\">\n\t<meta name=\"twitter:data2\" content=\"4 minutos\">\n<script type=\"application\/ld+json\" class=\"yoast-schema-graph\">{\"@context\":\"https:\/\/schema.org\",\"@graph\":[{\"@type\":\"WebSite\",\"@id\":\"http:\/\/psicologiavial.com\/#website\",\"url\":\"http:\/\/psicologiavial.com\/\",\"name\":\"Psicolog\\u00eda vial\",\"description\":\"Conduce con Psicolog\\u00eda Vial\",\"potentialAction\":[{\"@type\":\"SearchAction\",\"target\":\"http:\/\/psicologiavial.com\/?s={search_term_string}\",\"query-input\":\"required name=search_term_string\"}],\"inLanguage\":\"es\"},{\"@type\":\"WebPage\",\"@id\":\"http:\/\/psicologiavial.com\/index.php\/politica-de-cookies\/#webpage\",\"url\":\"http:\/\/psicologiavial.com\/index.php\/politica-de-cookies\/\",\"name\":\"Pol\\u00edtica de cookies - Psicolog\\u00eda vial\",\"isPartOf\":{\"@id\":\"http:\/\/psicologiavial.com\/#website\"},\"datePublished\":\"2020-10-14T06:03:38+00:00\",\"dateModified\":\"2020-10-26T11:14:18+00:00\",\"inLanguage\":\"es\",\"potentialAction\":[{\"@type\":\"ReadAction\",\"target\":[\"http:\/\/psicologiavial.com\/index.php\/politica-de-cookies\/\"]}]}]}<\/script>\n<!-- \/ Yoast SEO plugin. -->","_links":{"self":[{"href":"https:\/\/psicologiavial.com\/index.php\/wp-json\/wp\/v2\/pages\/165"}],"collection":[{"href":"https:\/\/psicologiavial.com\/index.php\/wp-json\/wp\/v2\/pages"}],"about":[{"href":"https:\/\/psicologiavial.com\/index.php\/wp-json\/wp\/v2\/types\/page"}],"author":[{"embeddable":true,"href":"https:\/\/psicologiavial.com\/index.php\/wp-json\/wp\/v2\/users\/1"}],"replies":[{"embeddable":true,"href":"https:\/\/psicologiavial.com\/index.php\/wp-json\/wp\/v2\/comments?post=165"}],"version-history":[{"count":4,"href":"https:\/\/psicologiavial.com\/index.php\/wp-json\/wp\/v2\/pages\/165\/revisions"}],"predecessor-version":[{"id":679,"href":"https:\/\/psicologiavial.com\/index.php\/wp-json\/wp\/v2\/pages\/165\/revisions\/679"}],"wp:attachment":[{"href":"https:\/\/psicologiavial.com\/index.php\/wp-json\/wp\/v2\/media?parent=165"}],"curies":[{"name":"wp","href":"https:\/\/api.w.org\/{rel}","templated":true}]}}